{"id":10019,"date":"2021-04-08T09:24:30","date_gmt":"2021-04-08T07:24:30","guid":{"rendered":"http:\/\/fondacogroup.it\/?page_id=10019"},"modified":"2021-06-07T15:28:51","modified_gmt":"2021-06-07T13:28:51","slug":"cookie-policy","status":"publish","type":"page","link":"https:\/\/fondacogroup.it\/fr\/sgr\/cookie-policy\/","title":{"rendered":"Cookie Policy"},"content":{"rendered":"<div class=\"fusion-fullwidth fullwidth-box fusion-builder-row-1 fusion-flex-container nonhundred-percent-fullwidth non-hundred-percent-height-scrolling headerCentrato\" style=\"--awb-border-radius-top-left:0px;--awb-border-radius-top-right:0px;--awb-border-radius-bottom-right:0px;--awb-border-radius-bottom-left:0px;--awb-padding-top:14em;--awb-padding-bottom:0px;--awb-min-height:350px;--awb-background-color:#feb516;--awb-flex-wrap:wrap;\" ><div class=\"fusion-builder-row fusion-row fusion-flex-align-items-flex-end fusion-flex-content-wrap\" style=\"max-width:1216.8px;margin-left: calc(-4% \/ 2 );margin-right: calc(-4% \/ 2 );\"><div class=\"fusion-layout-column fusion_builder_column fusion-builder-column-0 fusion_builder_column_1_1 1_1 fusion-flex-column fusion-animated\" style=\"--awb-padding-bottom:0px;--awb-bg-size:cover;--awb-width-large:100%;--awb-margin-top-large:0px;--awb-spacing-right-large:1.92%;--awb-margin-bottom-large:0px;--awb-spacing-left-large:1.92%;--awb-width-medium:100%;--awb-order-medium:0;--awb-spacing-right-medium:1.92%;--awb-spacing-left-medium:1.92%;--awb-width-small:100%;--awb-order-small:0;--awb-spacing-right-small:1.92%;--awb-spacing-left-small:1.92%;\" data-animationType=\"fadeInUp\" data-animationDuration=\"1.0\" data-animationOffset=\"top-into-view\"><div class=\"fusion-column-wrapper fusion-column-has-shadow fusion-flex-justify-content-flex-start fusion-content-layout-column\"><div class=\"fusion-title title fusion-title-1 fusion-title-center fusion-title-text fusion-title-size-one\" style=\"--awb-text-color:#142a38;--awb-margin-bottom:0px;\"><div class=\"title-sep-container title-sep-container-left\"><div class=\"title-sep sep- sep-solid\" style=\"border-color:#3e3e3e;\"><\/div><\/div><span class=\"awb-title-spacer\"><\/span><h1 class=\"fusion-title-heading title-heading-center fusion-responsive-typography-calculated\" style=\"font-family:&quot;Roboto&quot;;font-style:normal;font-weight:900;margin:0;--fontSize:66;line-height:0.7;\"><br \/>\r\nCOOKIE POLICY<br \/>\r\n<br \/><\/h1><span class=\"awb-title-spacer\"><\/span><div class=\"title-sep-container title-sep-container-right\"><div class=\"title-sep sep- sep-solid\" style=\"border-color:#3e3e3e;\"><\/div><\/div><\/div><\/div><\/div><\/div><\/div><div class=\"fusion-fullwidth fullwidth-box fusion-builder-row-2 fusion-flex-container hundred-percent-fullwidth non-hundred-percent-height-scrolling\" style=\"--awb-border-radius-top-left:0px;--awb-border-radius-top-right:0px;--awb-border-radius-bottom-right:0px;--awb-border-radius-bottom-left:0px;--awb-padding-top:0.5em;--awb-padding-bottom:0.5em;--awb-background-color:#02a1df;--awb-flex-wrap:wrap;\" ><div class=\"fusion-builder-row fusion-row fusion-flex-align-items-flex-start fusion-flex-content-wrap\" style=\"width:104% !important;max-width:104% !important;margin-left: calc(-4% \/ 2 );margin-right: calc(-4% \/ 2 );\"><div class=\"fusion-layout-column fusion_builder_column fusion-builder-column-1 fusion_builder_column_1_1 1_1 fusion-flex-column\" style=\"--awb-bg-size:cover;--awb-width-large:100%;--awb-margin-top-large:0px;--awb-spacing-right-large:1.92%;--awb-margin-bottom-large:0px;--awb-spacing-left-large:1.92%;--awb-width-medium:100%;--awb-order-medium:0;--awb-spacing-right-medium:1.92%;--awb-spacing-left-medium:1.92%;--awb-width-small:100%;--awb-order-small:0;--awb-spacing-right-small:1.92%;--awb-spacing-left-small:1.92%;\"><div class=\"fusion-column-wrapper fusion-column-has-shadow fusion-flex-justify-content-flex-start fusion-content-layout-column\"><div class=\"fusion-text fusion-text-1\" style=\"--awb-font-size:12px;--awb-text-color:#ffffff;\"><p style=\"text-align: right; text-transform: uppercase; margin-bottom: 0;\"><a style=\"color: #fff;\" href=\"https:\/\/fondacogroup.it\/fr\/lux\/\">ALLER \u00c0 FONDACO LUX<\/a><\/p>\n<\/div><\/div><\/div><\/div><\/div>\n<div class=\"fusion-fullwidth fullwidth-box fusion-builder-row-3 fusion-flex-container hundred-percent-fullwidth non-hundred-percent-height-scrolling\" style=\"--awb-border-radius-top-left:0px;--awb-border-radius-top-right:0px;--awb-border-radius-bottom-right:0px;--awb-border-radius-bottom-left:0px;--awb-padding-top:2em;--awb-padding-bottom:2em;--awb-margin-bottom:0px;--awb-flex-wrap:wrap;\" ><div class=\"fusion-builder-row fusion-row fusion-flex-align-items-flex-start fusion-flex-content-wrap\" style=\"width:104% !important;max-width:104% !important;margin-left: calc(-4% \/ 2 );margin-right: calc(-4% \/ 2 );\"><div class=\"fusion-layout-column fusion_builder_column fusion-builder-column-2 fusion_builder_column_1_1 1_1 fusion-flex-column fusion-animated\" style=\"--awb-padding-bottom:0px;--awb-bg-size:cover;--awb-width-large:100%;--awb-margin-top-large:0px;--awb-spacing-right-large:1.92%;--awb-margin-bottom-large:0px;--awb-spacing-left-large:1.92%;--awb-width-medium:100%;--awb-order-medium:0;--awb-spacing-right-medium:1.92%;--awb-spacing-left-medium:1.92%;--awb-width-small:100%;--awb-order-small:0;--awb-spacing-right-small:1.92%;--awb-spacing-left-small:1.92%;\" data-animationType=\"fadeInLeft\" data-animationDuration=\"1.0\" data-animationOffset=\"top-into-view\"><div class=\"fusion-column-wrapper fusion-column-has-shadow fusion-flex-justify-content-flex-start fusion-content-layout-column\"><nav class=\"fusion-breadcrumbs awb-yoast-breadcrumbs fusion-breadcrumbs-1\" style=\"--awb-alignment:right;--awb-font-size:14px;--awb-text-hover-color:#feb516;--awb-breadcrumb-sep:&#039;|&#039;;text-align:right;\" aria-label=\"Breadcrumb\"><span><span><a href=\"https:\/\/fondacogroup.it\/fr\/\">Home<\/a><\/span><\/span><\/nav><\/div><\/div><\/div><\/div>\n<div class=\"fusion-fullwidth fullwidth-box fusion-builder-row-4 fusion-flex-container nonhundred-percent-fullwidth non-hundred-percent-height-scrolling\" style=\"--awb-border-radius-top-left:0px;--awb-border-radius-top-right:0px;--awb-border-radius-bottom-right:0px;--awb-border-radius-bottom-left:0px;--awb-flex-wrap:wrap;\" ><div class=\"fusion-builder-row fusion-row fusion-flex-align-items-flex-start fusion-flex-content-wrap\" style=\"max-width:1216.8px;margin-left: calc(-4% \/ 2 );margin-right: calc(-4% \/ 2 );\"><div class=\"fusion-layout-column fusion_builder_column fusion-builder-column-3 fusion_builder_column_1_6 1_6 fusion-flex-column fusion-no-small-visibility\" style=\"--awb-bg-size:cover;--awb-width-large:16.666666666667%;--awb-margin-top-large:0px;--awb-spacing-right-large:11.52%;--awb-margin-bottom-large:20px;--awb-spacing-left-large:11.52%;--awb-width-medium:100%;--awb-order-medium:0;--awb-spacing-right-medium:1.92%;--awb-spacing-left-medium:1.92%;--awb-width-small:100%;--awb-order-small:0;--awb-spacing-right-small:1.92%;--awb-spacing-left-small:1.92%;\"><div class=\"fusion-column-wrapper fusion-column-has-shadow fusion-flex-justify-content-flex-start fusion-content-layout-column\"><\/div><\/div><div class=\"fusion-layout-column fusion_builder_column fusion-builder-column-4 fusion_builder_column_2_3 2_3 fusion-flex-column\" style=\"--awb-bg-size:cover;--awb-width-large:66.666666666667%;--awb-margin-top-large:0px;--awb-spacing-right-large:2.88%;--awb-margin-bottom-large:20px;--awb-spacing-left-large:2.88%;--awb-width-medium:100%;--awb-order-medium:0;--awb-spacing-right-medium:1.92%;--awb-spacing-left-medium:1.92%;--awb-width-small:100%;--awb-order-small:0;--awb-spacing-right-small:1.92%;--awb-spacing-left-small:1.92%;\"><div class=\"fusion-column-wrapper fusion-column-has-shadow fusion-flex-justify-content-flex-start fusion-content-layout-column\"><div class=\"fusion-text fusion-text-2 fusion-animated\" data-animationType=\"fadeInUp\" data-animationDuration=\"1.0\" data-animationOffset=\"top-into-view\"><p>\n<strong>Fondaco SGR S.p.A. (<a href=\"http:\/\/www.fondacosgr.it\">www.fondacosgr.it<\/a>)<\/strong><\/p>\n<p>Les cookies sont constitu\u00e9s de portions de code install\u00e9es dans le navigateur pour aider le Propri\u00e9taire \u00e0 fournir le Service conform\u00e9ment aux objectifs d\u00e9crits. Certaines des fins pour lesquelles des cookies sont install\u00e9s peuvent \u00e9galement n\u00e9cessiter le consentement de l&#8217;utilisateur.<\/p>\n<p>Lorsque l&#8217;installation de Cookies \u00e0 lieu sur la base d&#8217;un consentement, ce consentement peut \u00eatre librement r\u00e9voqu\u00e9 \u00e0 tout moment en suivant les instructions contenues dans ce document.<\/p>\n<p><strong>Cookies techniques et statistiques globales<\/strong><\/p>\n<p><strong>Activit\u00e9s strictement n\u00e9cessaires au fonctionnement<\/strong><\/p>\n<p>Ce site Web utilise des cookies pour sauvegarder la session de l&#8217;utilisateur et pour r\u00e9aliser d&#8217;autres activit\u00e9s strictement n\u00e9cessaires au fonctionnement du site Web lui-m\u00eame (par exemple en ce qui concerne la distribution du trafic).<\/p>\n<p><strong>Sauvegarde des pr\u00e9f\u00e9rences, optimisation et statistiques<\/strong><\/p>\n<p>Ce site Web utilise des cookies pour enregistrer les pr\u00e9f\u00e9rences de navigation et optimiser l&#8217;exp\u00e9rience de navigation de l&#8217;Utilisateur. Ces cookies comprennent, par exemple, ceux qui permettent de d\u00e9finir la langue et la devise ou de g\u00e9rer des statistiques par le propri\u00e9taire du site.<\/p>\n<p><strong>Autres types de cookies ou outils de tiers<\/strong><\/p>\n<p>Certains des services \u00e9num\u00e9r\u00e9s ci-dessous collectent des statistiques sous forme agr\u00e9g\u00e9e et anonyme et peuvent ne pas n\u00e9cessiter le consentement de l&#8217;utilisateur ou \u00eatre g\u00e9r\u00e9s directement par le propri\u00e9taire &#8211; selon ce qui est d\u00e9crit &#8211; sans l&#8217;aide de tiers.<\/p>\n<p>Si, parmi les outils indiqu\u00e9s ci-dessous, il y a des services g\u00e9r\u00e9s par des tiers, ceux-ci pourront &#8211; en plus de ce qui est sp\u00e9cifi\u00e9 et \u00e9galement \u00e0 l&#8217;insu du Propri\u00e9taire &#8211; effectuer des activit\u00e9s de tra\u00e7age sur l&#8217;Utilisateur. Pour des informations d\u00e9taill\u00e9es \u00e0 ce sujet, nous vous recommandons de consulter les politiques de confidentialit\u00e9 des services cit\u00e9s.<\/p>\n<p><strong>Bouton et widgets sociaux de LinkedIn (LinkedIn Corporation)<\/strong><\/p>\n<p>Le bouton social LinkedIn et les widgets sont des services d&#8217;interaction avec le r\u00e9seau social Linkedin, fournis par LinkedIn Corporation.<\/p>\n<p>Donn\u00e9es personnelles collect\u00e9es: cookies et donn\u00e9es d&#8217;utilisation.<\/p>\n<p>Lieu de traitement: \u00c9tats-Unis &#8211; Politique de confidentialit\u00e9. Partie au Privacy Shield.<\/p>\n<p><strong>Statistiques<\/strong><\/p>\n<p>Les services contenus dans cette section permettent au contr\u00f4leur de donn\u00e9es de surveiller et d&#8217;analyser les donn\u00e9es de trafic et servent \u00e0 suivre le comportement de l&#8217;utilisateur.<\/p>\n<p><strong>Google Analytics<\/strong><\/p>\n<p>Google Analytics est un service d&#8217;analyse du Web fourni par Google LLC ou Google Ireland Limited, selon la position d&#8217;utilisation de ce site Web (&#8220;Google&#8221;).<\/p>\n<p>Google utilise les donn\u00e9es personnelles collect\u00e9es dans le but de suivre et d&#8217;examiner votre utilisation du pr\u00e9sent site Web, de compiler des rapports et de les partager avec d&#8217;autres services d\u00e9velopp\u00e9s par Google.<\/p>\n<p>Google peut utiliser les informations personnelles pour contextualiser et personnaliser les annonces dans son r\u00e9seau publicitaire.<\/p>\n<p>Donn\u00e9es personnelles collect\u00e9es: cookies et donn\u00e9es d&#8217;utilisation.<\/p>\n<p>Lieu du traitement:<\/p>\n<p>\u00c9tats-Unis \u2013 Privacy Policy \u2013 Opt Out;<\/p>\n<p>Irlande \u2013 Privacy Policy \u2013 Opt Out.<\/p>\n<p>Sujet adh\u00e8rent au Privacy Shield.<\/p>\n<p><strong>Visualisation du contenu de plateformes externes<\/strong><\/p>\n<p>Ce type de service vous permet de visualiser des contenus h\u00e9berg\u00e9s sur des plateformes externes directement \u00e0 partir des pages de ce site web et d&#8217;interagir avec eux.<\/p>\n<p>Ce type de service peut toutefois recueillir des donn\u00e9es sur le trafic web li\u00e9 aux pages o\u00f9 le service est install\u00e9, m\u00eame si les utilisateurs ne l&#8217;utilisent pas.<\/p>\n<p><strong>Widget Vid\u00e9o YouTube<\/strong><\/p>\n<p>YouTube est un service de visualisation de contenu vid\u00e9o administr\u00e9 par Google LLC autrement par Google Ireland Limited, selon de la position de ce Site web qui vient utilis\u00e9e qui permet \u00e0 ce Site Web de compl\u00e9ter les contenus dans ses pages.<\/p>\n<p>Donn\u00e9es personnelles collect\u00e9es : cookies et donn\u00e9es d&#8217;utilisation.<\/p>\n<p>Lieu de traitement: \u00c9tats-Unis \u2013 Privacy Policy;<\/p>\n<p>Irelande \u2013 Privacy Policy.<\/p>\n<p>Sujet adh\u00e8rent au Privacy Shield.<\/p>\n<p><strong>Comment accepter l&#8217;installation de cookies ?<\/strong><\/p>\n<p>De plus du contenu d\u00e9crit dans ce document, l\u2019utilisateur peut \u00e9galement g\u00e9rer ses pr\u00e9f\u00e9rences en mati\u00e8re de cookies directement dans le navigateur et emp\u00eacher &#8211; par exemple &#8211; d&#8217;installer par tiers des cookies. Par les pr\u00e9f\u00e9rences du browser est aussi possible \u00e9liminer les Cookies install\u00e9s pr\u00e9c\u00e9demment, compris le cookie dans lequel est stock\u00e9 le consentement \u00e0 l&#8217;installation de cookies par ce site, le cas \u00e9ch\u00e9ant. L\u2019utilisateur peut trouver les informations sur la gestion des Cookies avec aucuns des browser plus importantes par exemple:<\/p>\n<p>Google Chrome, Mozilla Firefox, Apple Safari e Microsoft Internet Explorer.<\/p>\n<p>En ce qui concerne le Cookie install\u00e9s par des tiers, l&#8217;utilisateur peut \u00e9galement g\u00e9rer ses param\u00e8tres et r\u00e9voquer son consentement en visitant le lien d&#8217;exclusion pertinent (s&#8217;il est disponible), en utilisant les outils d\u00e9crits dans la politique de confidentialit\u00e9 du tiers ou en contactant directement le tiers.<\/p>\n<p>Sans pr\u00e9judice ce qui pr\u00e9c\u00e8de, l\u2019utilisateur peut se servir des informations fournies par EDAA (UE), Network Advertising Initiative (USA) e Digital Advertising Alliance (USA), DAAC (Canada), DDAI (Japon) ou outres services similaires.<\/p>\n<p>Gr\u00e2ce \u00e0 ces services, il est possible de g\u00e9rer les pr\u00e9f\u00e9rences de suivi de la plupart des outils publicitaires. Le Propri\u00e9taire conseille donc aux Utilisateurs d&#8217;utiliser ces ressources en compl\u00e9ment des informations fournies dans le pr\u00e9sent document.<\/p>\n<p><strong>Titulaire de traitement des donn\u00e9es<\/strong><\/p>\n<p>Fondaco SGR S.p.A., Corso Vittorio Emanuele II n. 71, Torino<\/p>\n<p>Adresse e-mail du Titulaire:<\/p>\n<p><a href=\"mailto:fondacoiubenda@gmail.com\">fondacoiubenda@gmail.com<\/a><\/p>\n<p>Du moment que &#8216;installation de cookies et d&#8217;autres syst\u00e8mes de suivi par des tiers \u00e0 travers les services utilis\u00e9s sur ce site Web ne peut pas \u00eatre techniquement contr\u00f4l\u00e9e par le Propri\u00e9taire, toute r\u00e9f\u00e9rence sp\u00e9cifique aux cookies et aux syst\u00e8mes de suivi install\u00e9s par des tiers doit \u00eatre consid\u00e9r\u00e9e comme indicative. Pour obtenir des informations compl\u00e8tes, l&#8217;utilisateur est invit\u00e9 \u00e0 consulter la politique de confidentialit\u00e9 de tout service tiers mentionn\u00e9 dans le pr\u00e9sent document.<\/p>\n<p>Vue la complexit\u00e9 objective de l&#8217;identification des technologies bas\u00e9es sur les cookies, l&#8217;Utilisateur est invit\u00e9 \u00e0 contacter le Propri\u00e9taire s&#8217;il souhaite recevoir de plus amples informations sur l&#8217;utilisation des cookies \u00e0 travers ce site Web.<\/p>\n<p><strong>D\u00e9finitions et r\u00e9f\u00e9rences l\u00e9gales<\/strong><\/p>\n<p><strong>Donn\u00e9es personnelles (ou donn\u00e9es)<\/strong><\/p>\n<p>Les donn\u00e9es personnelles sont toutes les informations qui, directement ou indirectement, m\u00eame en liaison avec d&#8217;autres informations, y compris un num\u00e9ro d&#8217;identification personnel, permettent d&#8217;identifier ou d&#8217;identifier une personne physique.<\/p>\n<p><strong>Les donn\u00e9es d&#8217;utilisation<\/strong><\/p>\n<p>Sont les informations recueillies automatiquement par le biais de ce site web (\u00e9galement par des applications de tiers int\u00e9gr\u00e9es dans ce site web), notamment: les adresses IP ou les noms de domaine des ordinateurs utilis\u00e9s par l&#8217;utilisateur qui se connecte \u00e0 ce site web, les adresses de notation URI (Uniform Resource Identifier), l&#8217;heure de la demande, la m\u00e9thode utilis\u00e9e pour transmettre la demande au serveur, la taille du fichier obtenu en r\u00e9ponse, le code num\u00e9rique indiquant l&#8217;\u00e9tat de la r\u00e9ponse du serveur (succ\u00e8s, erreur, etc.). ), le pays d&#8217;origine, les caract\u00e9ristiques du navigateur et du syst\u00e8me d&#8217;exploitation utilis\u00e9s par le visiteur, les diff\u00e9rentes connotations temporelles de la visite (par exemple, le temps pass\u00e9 sur chaque page) et les d\u00e9tails de l&#8217;itin\u00e9raire suivi au sein de l&#8217;Application, avec une r\u00e9f\u00e9rence particuli\u00e8re \u00e0 la s\u00e9quence des pages consult\u00e9es, aux param\u00e8tres relatifs au syst\u00e8me d&#8217;exploitation et \u00e0 l&#8217;environnement informatique de l&#8217;Utilisateur.<\/p>\n<p><strong>Utilisateur<\/strong><\/p>\n<p>La personne qui utilise ce site Web et qui, sauf indication contraire, est la personne concern\u00e9e.<\/p>\n<p><strong>Personne concern\u00e9es<\/strong><\/p>\n<p>La personne \u00e0 laquelle les donn\u00e9es personnelles se r\u00e9f\u00e8rent.<\/p>\n<p><strong>Responsable du traitement (ou Responsable)<\/strong><\/p>\n<p>La personne physique, juridique, l\u2019administration publique et toute autre entit\u00e9 qui traite les donn\u00e9es personnelles pour le compte du Propri\u00e9taire, conform\u00e9ment \u00e0 ce qui est \u00e9nonc\u00e9 dans la pr\u00e9sente politique de confidentialit\u00e9.<\/p>\n<p><strong>Titulaire du traitement (ou Titulaire)<\/strong><\/p>\n<p>La personne physique ou morale, l&#8217;autorit\u00e9 publique, le service ou tout autre organisme qui, individuellement ou conjointement avec d&#8217;autres, d\u00e9termine les finalit\u00e9s et les moyens du traitement des donn\u00e9es personnelles et les instruments adopt\u00e9s, y compris les mesures de s\u00e9curit\u00e9 relatives au fonctionnement et \u00e0 l&#8217;utilisation de ce Site Web. Le contr\u00f4leur des donn\u00e9es, sauf indication contraire, est le propri\u00e9taire de ce site web.<\/p>\n<p><strong>Ce Site Web (ou Application)<\/strong><\/p>\n<p>L\u2019outil hardware ou software par lequel les donn\u00e9es personnelles des utilisateurs sont collect\u00e9es et trait\u00e9es.<\/p>\n<p><strong>Service<\/strong><\/p>\n<p>Le service fourni par ce site Web tel que d\u00e9fini dans les conditions pertinentes (le cas \u00e9ch\u00e9ant) sur ce site\/application.<\/p>\n<p><strong>Union Europ\u00e9enne<\/strong><\/p>\n<p>Sauf indication contraire, toute r\u00e9f\u00e9rence \u00e0 l&#8217;Union europ\u00e9enne dans le pr\u00e9sent document est r\u00e9put\u00e9e inclure tous les \u00c9tats membres actuels de l&#8217;Union europ\u00e9enne et de l&#8217;Espace \u00e9conomique europ\u00e9en.<\/p>\n<p><strong>Cookie<\/strong><\/p>\n<p>Petite partie des donn\u00e9es stock\u00e9es dans le dispositif de l&#8217;utilisateur.<\/p>\n<p><strong>R\u00e9f\u00e9rences l\u00e9gales<\/strong><\/p>\n<p>La pr\u00e9sente politique de confidentialit\u00e9 est \u00e9labor\u00e9e sur la base de multiples ordonnances l\u00e9gislatives, notamment les articles 13 et 14 du r\u00e8glement (UE) 2016\/679.<\/p>\n<p align=\"JUSTIFY\">Sauf indication contraire, la pr\u00e9sente politique de confidentialit\u00e9 s&#8217;applique uniquement \u00e0 ce site web.<\/p>\n<p><\/p>\n<\/div><\/div><\/div><div class=\"fusion-layout-column fusion_builder_column fusion-builder-column-5 fusion_builder_column_1_6 1_6 fusion-flex-column fusion-no-small-visibility\" style=\"--awb-bg-size:cover;--awb-width-large:16.666666666667%;--awb-margin-top-large:0px;--awb-spacing-right-large:11.52%;--awb-margin-bottom-large:20px;--awb-spacing-left-large:11.52%;--awb-width-medium:100%;--awb-order-medium:0;--awb-spacing-right-medium:1.92%;--awb-spacing-left-medium:1.92%;--awb-width-small:100%;--awb-order-small:0;--awb-spacing-right-small:1.92%;--awb-spacing-left-small:1.92%;\"><div class=\"fusion-column-wrapper fusion-column-has-shadow fusion-flex-justify-content-flex-start fusion-content-layout-column\"><\/div><\/div><\/div><\/div>","protected":false},"excerpt":{"rendered":"","protected":false},"author":1,"featured_media":0,"parent":9953,"menu_order":0,"comment_status":"closed","ping_status":"closed","template":"100-width.php","meta":{"footnotes":""},"class_list":["post-10019","page","type-page","status-publish","hentry"],"yoast_head":"\n<title>Cookie Policy - Fondaco Group<\/title>\n<meta name=\"robots\" content=\"index, follow, max-snippet:-1, max-image-preview:large, max-video-preview:-1\" \/>\n<link rel=\"canonical\" href=\"https:\/\/fondacogroup.it\/fr\/sgr\/cookie-policy\/\" \/>\n<meta property=\"og:locale\" content=\"fr_FR\" \/>\n<meta property=\"og:type\" content=\"article\" \/>\n<meta property=\"og:title\" content=\"Cookie Policy - Fondaco Group\" \/>\n<meta property=\"og:url\" content=\"https:\/\/fondacogroup.it\/fr\/sgr\/cookie-policy\/\" \/>\n<meta property=\"og:site_name\" content=\"Fondaco Group\" \/>\n<meta property=\"article:modified_time\" content=\"2021-06-07T13:28:51+00:00\" \/>\n<meta name=\"twitter:card\" content=\"summary_large_image\" \/>\n<meta name=\"twitter:label1\" content=\"Est. reading time\" \/>\n\t<meta name=\"twitter:data1\" content=\"17 minutes\" \/>\n<script type=\"application\/ld+json\" class=\"yoast-schema-graph\">{\"@context\":\"https:\/\/schema.org\",\"@graph\":[{\"@type\":\"WebPage\",\"@id\":\"https:\/\/fondacogroup.it\/fr\/sgr\/cookie-policy\/\",\"url\":\"https:\/\/fondacogroup.it\/fr\/sgr\/cookie-policy\/\",\"name\":\"Cookie Policy - Fondaco Group\",\"isPartOf\":{\"@id\":\"https:\/\/fondacogroup.it\/fr\/#website\"},\"datePublished\":\"2021-04-08T07:24:30+00:00\",\"dateModified\":\"2021-06-07T13:28:51+00:00\",\"breadcrumb\":{\"@id\":\"https:\/\/fondacogroup.it\/fr\/sgr\/cookie-policy\/#breadcrumb\"},\"inLanguage\":\"fr-FR\",\"potentialAction\":[{\"@type\":\"ReadAction\",\"target\":[\"https:\/\/fondacogroup.it\/fr\/sgr\/cookie-policy\/\"]}]},{\"@type\":\"BreadcrumbList\",\"@id\":\"https:\/\/fondacogroup.it\/fr\/sgr\/cookie-policy\/#breadcrumb\",\"itemListElement\":[{\"@type\":\"ListItem\",\"position\":1,\"name\":\"Home\",\"item\":\"https:\/\/fondacogroup.it\/fr\/\"},{\"@type\":\"ListItem\",\"position\":2,\"name\":\"SGR\",\"item\":\"https:\/\/fondacogroup.it\/fr\/sgr\/\"},{\"@type\":\"ListItem\",\"position\":3,\"name\":\"Cookie Policy\"}]},{\"@type\":\"WebSite\",\"@id\":\"https:\/\/fondacogroup.it\/fr\/#website\",\"url\":\"https:\/\/fondacogroup.it\/fr\/\",\"name\":\"Fondaco Group\",\"description\":\"Fondaco Group, una societ\u00e0 di gestione del risparmio dedita a soddisfare i bisogni dei nostri investitori: il nostro core business non \u00e8 fare raccolta ma accompagnarvi nella progettazione ed esecuzione delle vostre politiche di investimento.\",\"potentialAction\":[{\"@type\":\"SearchAction\",\"target\":{\"@type\":\"EntryPoint\",\"urlTemplate\":\"https:\/\/fondacogroup.it\/fr\/?s={search_term_string}\"},\"query-input\":{\"@type\":\"PropertyValueSpecification\",\"valueRequired\":true,\"valueName\":\"search_term_string\"}}],\"inLanguage\":\"fr-FR\"}]}<\/script>\n","yoast_head_json":{"title":"Cookie Policy - Fondaco Group","robots":{"index":"index","follow":"follow","max-snippet":"max-snippet:-1","max-image-preview":"max-image-preview:large","max-video-preview":"max-video-preview:-1"},"canonical":"https:\/\/fondacogroup.it\/fr\/sgr\/cookie-policy\/","og_locale":"fr_FR","og_type":"article","og_title":"Cookie Policy - Fondaco Group","og_url":"https:\/\/fondacogroup.it\/fr\/sgr\/cookie-policy\/","og_site_name":"Fondaco Group","article_modified_time":"2021-06-07T13:28:51+00:00","twitter_card":"summary_large_image","twitter_misc":{"Est. reading time":"17 minutes"},"schema":{"@context":"https:\/\/schema.org","@graph":[{"@type":"WebPage","@id":"https:\/\/fondacogroup.it\/fr\/sgr\/cookie-policy\/","url":"https:\/\/fondacogroup.it\/fr\/sgr\/cookie-policy\/","name":"Cookie Policy - Fondaco Group","isPartOf":{"@id":"https:\/\/fondacogroup.it\/fr\/#website"},"datePublished":"2021-04-08T07:24:30+00:00","dateModified":"2021-06-07T13:28:51+00:00","breadcrumb":{"@id":"https:\/\/fondacogroup.it\/fr\/sgr\/cookie-policy\/#breadcrumb"},"inLanguage":"fr-FR","potentialAction":[{"@type":"ReadAction","target":["https:\/\/fondacogroup.it\/fr\/sgr\/cookie-policy\/"]}]},{"@type":"BreadcrumbList","@id":"https:\/\/fondacogroup.it\/fr\/sgr\/cookie-policy\/#breadcrumb","itemListElement":[{"@type":"ListItem","position":1,"name":"Home","item":"https:\/\/fondacogroup.it\/fr\/"},{"@type":"ListItem","position":2,"name":"SGR","item":"https:\/\/fondacogroup.it\/fr\/sgr\/"},{"@type":"ListItem","position":3,"name":"Cookie Policy"}]},{"@type":"WebSite","@id":"https:\/\/fondacogroup.it\/fr\/#website","url":"https:\/\/fondacogroup.it\/fr\/","name":"Fondaco Group","description":"Fondaco Group, una societ\u00e0 di gestione del risparmio dedita a soddisfare i bisogni dei nostri investitori: il nostro core business non \u00e8 fare raccolta ma accompagnarvi nella progettazione ed esecuzione delle vostre politiche di investimento.","potentialAction":[{"@type":"SearchAction","target":{"@type":"EntryPoint","urlTemplate":"https:\/\/fondacogroup.it\/fr\/?s={search_term_string}"},"query-input":{"@type":"PropertyValueSpecification","valueRequired":true,"valueName":"search_term_string"}}],"inLanguage":"fr-FR"}]}},"_links":{"self":[{"href":"https:\/\/fondacogroup.it\/fr\/wp-json\/wp\/v2\/pages\/10019","targetHints":{"allow":["GET"]}}],"collection":[{"href":"https:\/\/fondacogroup.it\/fr\/wp-json\/wp\/v2\/pages"}],"about":[{"href":"https:\/\/fondacogroup.it\/fr\/wp-json\/wp\/v2\/types\/page"}],"author":[{"embeddable":true,"href":"https:\/\/fondacogroup.it\/fr\/wp-json\/wp\/v2\/users\/1"}],"replies":[{"embeddable":true,"href":"https:\/\/fondacogroup.it\/fr\/wp-json\/wp\/v2\/comments?post=10019"}],"version-history":[{"count":0,"href":"https:\/\/fondacogroup.it\/fr\/wp-json\/wp\/v2\/pages\/10019\/revisions"}],"up":[{"embeddable":true,"href":"https:\/\/fondacogroup.it\/fr\/wp-json\/wp\/v2\/pages\/9953"}],"wp:attachment":[{"href":"https:\/\/fondacogroup.it\/fr\/wp-json\/wp\/v2\/media?parent=10019"}],"curies":[{"name":"wp","href":"https:\/\/api.w.org\/{rel}","templated":true}]}}