{"id":10098,"date":"2021-04-08T09:44:52","date_gmt":"2021-04-08T07:44:52","guid":{"rendered":"http:\/\/fondacogroup.it\/?page_id=10098"},"modified":"2024-03-21T12:01:05","modified_gmt":"2024-03-21T11:01:05","slug":"privacy-policy","status":"publish","type":"page","link":"https:\/\/fondacogroup.it\/fr\/sgr\/privacy-policy\/","title":{"rendered":"Privacy policy"},"content":{"rendered":"<div class=\"fusion-fullwidth fullwidth-box fusion-builder-row-1 fusion-flex-container nonhundred-percent-fullwidth non-hundred-percent-height-scrolling headerCentrato\" style=\"--awb-border-radius-top-left:0px;--awb-border-radius-top-right:0px;--awb-border-radius-bottom-right:0px;--awb-border-radius-bottom-left:0px;--awb-padding-top:14em;--awb-padding-bottom:0px;--awb-min-height:350px;--awb-background-color:#feb516;--awb-flex-wrap:wrap;\" ><div class=\"fusion-builder-row fusion-row fusion-flex-align-items-flex-end fusion-flex-content-wrap\" style=\"max-width:1216.8px;margin-left: calc(-4% \/ 2 );margin-right: calc(-4% \/ 2 );\"><div class=\"fusion-layout-column fusion_builder_column fusion-builder-column-0 fusion_builder_column_1_1 1_1 fusion-flex-column fusion-animated\" style=\"--awb-padding-bottom:0px;--awb-bg-size:cover;--awb-width-large:100%;--awb-margin-top-large:0px;--awb-spacing-right-large:1.92%;--awb-margin-bottom-large:0px;--awb-spacing-left-large:1.92%;--awb-width-medium:100%;--awb-order-medium:0;--awb-spacing-right-medium:1.92%;--awb-spacing-left-medium:1.92%;--awb-width-small:100%;--awb-order-small:0;--awb-spacing-right-small:1.92%;--awb-spacing-left-small:1.92%;\" data-animationType=\"fadeInUp\" data-animationDuration=\"1.0\" data-animationOffset=\"top-into-view\"><div class=\"fusion-column-wrapper fusion-column-has-shadow fusion-flex-justify-content-flex-start fusion-content-layout-column\"><div class=\"fusion-title title fusion-title-1 fusion-title-center fusion-title-text fusion-title-size-one\" style=\"--awb-text-color:#142a38;--awb-margin-bottom:0px;\"><div class=\"title-sep-container title-sep-container-left\"><div class=\"title-sep sep- sep-solid\" style=\"border-color:#3e3e3e;\"><\/div><\/div><span class=\"awb-title-spacer\"><\/span><h1 class=\"fusion-title-heading title-heading-center fusion-responsive-typography-calculated\" style=\"font-family:&quot;Roboto&quot;;font-style:normal;font-weight:900;margin:0;--fontSize:66;line-height:0.7;\"><br \/>\r\nPRIVACY POLICY<br \/>\r\n<br \/><\/h1><span class=\"awb-title-spacer\"><\/span><div class=\"title-sep-container title-sep-container-right\"><div class=\"title-sep sep- sep-solid\" style=\"border-color:#3e3e3e;\"><\/div><\/div><\/div><\/div><\/div><\/div><\/div><div class=\"fusion-fullwidth fullwidth-box fusion-builder-row-2 fusion-flex-container hundred-percent-fullwidth non-hundred-percent-height-scrolling\" style=\"--awb-border-radius-top-left:0px;--awb-border-radius-top-right:0px;--awb-border-radius-bottom-right:0px;--awb-border-radius-bottom-left:0px;--awb-padding-top:0.5em;--awb-padding-bottom:0.5em;--awb-background-color:#02a1df;--awb-flex-wrap:wrap;\" ><div class=\"fusion-builder-row fusion-row fusion-flex-align-items-flex-start fusion-flex-content-wrap\" style=\"width:104% !important;max-width:104% !important;margin-left: calc(-4% \/ 2 );margin-right: calc(-4% \/ 2 );\"><div class=\"fusion-layout-column fusion_builder_column fusion-builder-column-1 fusion_builder_column_1_1 1_1 fusion-flex-column\" style=\"--awb-bg-size:cover;--awb-width-large:100%;--awb-margin-top-large:0px;--awb-spacing-right-large:1.92%;--awb-margin-bottom-large:0px;--awb-spacing-left-large:1.92%;--awb-width-medium:100%;--awb-order-medium:0;--awb-spacing-right-medium:1.92%;--awb-spacing-left-medium:1.92%;--awb-width-small:100%;--awb-order-small:0;--awb-spacing-right-small:1.92%;--awb-spacing-left-small:1.92%;\"><div class=\"fusion-column-wrapper fusion-column-has-shadow fusion-flex-justify-content-flex-start fusion-content-layout-column\"><div class=\"fusion-text fusion-text-1\" style=\"--awb-font-size:12px;--awb-text-color:#ffffff;\"><p style=\"text-align: right; text-transform: uppercase; margin-bottom: 0;\"><a style=\"color: #fff;\" href=\"https:\/\/fondacogroup.it\/fr\/lux\/\">ALLER \u00c0 FONDACO LUX<\/a><\/p>\n<\/div><\/div><\/div><\/div><\/div>\n<div class=\"fusion-fullwidth fullwidth-box fusion-builder-row-3 fusion-flex-container hundred-percent-fullwidth non-hundred-percent-height-scrolling\" style=\"--awb-border-radius-top-left:0px;--awb-border-radius-top-right:0px;--awb-border-radius-bottom-right:0px;--awb-border-radius-bottom-left:0px;--awb-padding-top:2em;--awb-padding-bottom:2em;--awb-margin-bottom:0px;--awb-flex-wrap:wrap;\" ><div class=\"fusion-builder-row fusion-row fusion-flex-align-items-flex-start fusion-flex-content-wrap\" style=\"width:104% !important;max-width:104% !important;margin-left: calc(-4% \/ 2 );margin-right: calc(-4% \/ 2 );\"><div class=\"fusion-layout-column fusion_builder_column fusion-builder-column-2 fusion_builder_column_1_1 1_1 fusion-flex-column fusion-animated\" style=\"--awb-padding-bottom:0px;--awb-bg-size:cover;--awb-width-large:100%;--awb-margin-top-large:0px;--awb-spacing-right-large:1.92%;--awb-margin-bottom-large:0px;--awb-spacing-left-large:1.92%;--awb-width-medium:100%;--awb-order-medium:0;--awb-spacing-right-medium:1.92%;--awb-spacing-left-medium:1.92%;--awb-width-small:100%;--awb-order-small:0;--awb-spacing-right-small:1.92%;--awb-spacing-left-small:1.92%;\" data-animationType=\"fadeInLeft\" data-animationDuration=\"1.0\" data-animationOffset=\"top-into-view\"><div class=\"fusion-column-wrapper fusion-column-has-shadow fusion-flex-justify-content-flex-start fusion-content-layout-column\"><nav class=\"fusion-breadcrumbs awb-yoast-breadcrumbs fusion-breadcrumbs-1\" style=\"--awb-alignment:right;--awb-font-size:14px;--awb-text-hover-color:#feb516;--awb-breadcrumb-sep:&#039;|&#039;;text-align:right;\" aria-label=\"Breadcrumb\"><span><span><a href=\"https:\/\/fondacogroup.it\/fr\/\">Home<\/a><\/span><\/span><\/nav><\/div><\/div><\/div><\/div>\n<div class=\"fusion-fullwidth fullwidth-box fusion-builder-row-4 fusion-flex-container nonhundred-percent-fullwidth non-hundred-percent-height-scrolling\" style=\"--awb-border-radius-top-left:0px;--awb-border-radius-top-right:0px;--awb-border-radius-bottom-right:0px;--awb-border-radius-bottom-left:0px;--awb-flex-wrap:wrap;\" ><div class=\"fusion-builder-row fusion-row fusion-flex-align-items-flex-start fusion-flex-content-wrap\" style=\"max-width:1216.8px;margin-left: calc(-4% \/ 2 );margin-right: calc(-4% \/ 2 );\"><div class=\"fusion-layout-column fusion_builder_column fusion-builder-column-3 fusion_builder_column_1_6 1_6 fusion-flex-column fusion-no-small-visibility\" style=\"--awb-bg-size:cover;--awb-width-large:16.666666666667%;--awb-margin-top-large:0px;--awb-spacing-right-large:11.52%;--awb-margin-bottom-large:20px;--awb-spacing-left-large:11.52%;--awb-width-medium:100%;--awb-order-medium:0;--awb-spacing-right-medium:1.92%;--awb-spacing-left-medium:1.92%;--awb-width-small:100%;--awb-order-small:0;--awb-spacing-right-small:1.92%;--awb-spacing-left-small:1.92%;\"><div class=\"fusion-column-wrapper fusion-column-has-shadow fusion-flex-justify-content-flex-start fusion-content-layout-column\"><\/div><\/div><div class=\"fusion-layout-column fusion_builder_column fusion-builder-column-4 fusion_builder_column_2_3 2_3 fusion-flex-column\" style=\"--awb-bg-size:cover;--awb-width-large:66.666666666667%;--awb-margin-top-large:0px;--awb-spacing-right-large:2.88%;--awb-margin-bottom-large:20px;--awb-spacing-left-large:2.88%;--awb-width-medium:100%;--awb-order-medium:0;--awb-spacing-right-medium:1.92%;--awb-spacing-left-medium:1.92%;--awb-width-small:100%;--awb-order-small:0;--awb-spacing-right-small:1.92%;--awb-spacing-left-small:1.92%;\"><div class=\"fusion-column-wrapper fusion-column-has-shadow fusion-flex-justify-content-flex-start fusion-content-layout-column\"><div class=\"fusion-text fusion-text-2 fusion-animated\" data-animationType=\"fadeInUp\" data-animationDuration=\"1.0\" data-animationOffset=\"top-into-view\"><p>\nCette page d\u00e9crit les modalit\u00e9s de gestion du site concernant le traitement des donn\u00e9es personnelles des utilisateurs qui le consultent. Ces informations sont \u00e9galement fournies conform\u00e9ment aux articles 13 et 14 du R\u00e8glement (UE) 2016\/679 (&#8220;GDPR&#8221;) et du d\u00e9cret l\u00e9gislatif n\u00b0 196\/2003 &#8211; Code de protection des donn\u00e9es personnelles pour ceux qui interagissent avec les services Web de la SGR, accessibles par des moyens t\u00e9l\u00e9matiques \u00e0 l&#8217;adresse : https:\/\/fondacogroup.it\/, correspondant \u00e0 la page initiale du site Web officiel de la SGR.<\/p>\n<p>Ce document prend \u00e9galement en compte la Recommandation n\u00b0 2\/2001 que les autorit\u00e9s europ\u00e9ennes charg\u00e9es de la protection des donn\u00e9es personnelles ont adopt\u00e9e pour identifier les exigences minimales en mati\u00e8re de collecte de donn\u00e9es personnelles en ligne. Les informations sont fournies uniquement pour le site fondacogroup.it et non pour d&#8217;autres sites Web que l&#8217;utilisateur pourrait consulter via des liens.<\/p>\n<ol><\/p>\n<li><strong>Responsable du traitement.<\/strong><\/li>\n<p>\n<\/ol>\n<p>\nLe responsable du traitement des donn\u00e9es personnelles est la Fondaco SGR S.p.A., situ\u00e9e \u00e0 Turin, Corso Vittorio Emanuele II, n\u00b0 71 &#8211; 10128; email : web@fondacosgr.it.<\/p>\n<ol start=\"2\"><\/p>\n<li><strong>Lieu de traitement des donn\u00e9es et finalit\u00e9s du traitement.<\/strong><\/li>\n<p>\n<\/ol>\n<p>\nLe traitement des donn\u00e9es li\u00e9es aux services Web du site a lieu au si\u00e8ge susmentionn\u00e9 de la SGR et est effectu\u00e9 uniquement par le personnel charg\u00e9 du traitement, ou par tout op\u00e9rateur de maintenance occasionnel. Aucune donn\u00e9e d\u00e9riv\u00e9e du site Web n&#8217;est communiqu\u00e9e ou divulgu\u00e9e \u00e0 des tiers, sauf disposition contraire dans le paragraphe pr\u00e9c\u00e9dent. Les donn\u00e9es personnelles fournies par les utilisateurs qui soumettent des demandes d&#8217;envoi de mat\u00e9riel d&#8217;information ou qui r\u00e9pondent \u00e0 des offres d&#8217;emploi sont utilis\u00e9es uniquement pour fournir correctement le service demand\u00e9 et ne sont communiqu\u00e9es \u00e0 des tiers que si cela est strictement n\u00e9cessaire.<\/p>\n<ol start=\"3\"><\/p>\n<li><strong>Types de donn\u00e9es trait\u00e9es.<\/strong><\/li>\n<p>\n<\/ol>\n<p>\n<em>Donn\u00e9es de navigation<\/em><\/p>\n<p>Les syst\u00e8mes informatiques et les proc\u00e9dures logicielles utilis\u00e9s pour exploiter le site Web acqui\u00e8rent, lors de leur fonctionnement normal, certaines donn\u00e9es personnelles dont la transmission est implicite dans l&#8217;utilisation des protocoles de communication Internet. Il s&#8217;agit d&#8217;informations qui ne sont pas collect\u00e9es pour \u00eatre associ\u00e9es \u00e0 des personnes identifi\u00e9es, mais qui, par leur nature m\u00eame, pourraient, gr\u00e2ce \u00e0 des traitements et \u00e0 des associations avec des donn\u00e9es d\u00e9tenues par des tiers, permettre d&#8217;identifier les utilisateurs. Cette cat\u00e9gorie de donn\u00e9es comprend les adresses IP ou les noms de domaine des ordinateurs utilis\u00e9s par les utilisateurs qui se connectent au site, les adresses URI (Uniform Resource Identifier) des ressources demand\u00e9es, l&#8217;heure de la demande, la m\u00e9thode utilis\u00e9e pour soumettre la demande au serveur, la taille du fichier obtenu en r\u00e9ponse, le code num\u00e9rique indiquant le statut de la r\u00e9ponse donn\u00e9e par le serveur (r\u00e9ussite, erreur, etc.), et d&#8217;autres param\u00e8tres relatifs au syst\u00e8me d&#8217;exploitation de l&#8217;utilisateur et \u00e0 son environnement informatique. Ces donn\u00e9es sont utilis\u00e9es uniquement pour : (i) obtenir des informations statistiques anonymes sur l&#8217;utilisation du site ; (ii) v\u00e9rifier le bon fonctionnement du site ; (iii) effectuer des activit\u00e9s de surveillance en soutien \u00e0 la s\u00e9curit\u00e9 du service. Les donn\u00e9es peuvent \u00eatre conserv\u00e9es et utilis\u00e9es pour \u00e9tablir la responsabilit\u00e9 en cas d&#8217;\u00e9ventuels crimes informatiques contre le site, sauf cette possibilit\u00e9, \u00e0 l&#8217;heure actuelle, les donn\u00e9es de contact Web persistent pendant une p\u00e9riode ne d\u00e9passant pas la r\u00e9alisation des objectifs pour lesquels elles sont trait\u00e9es.<\/p>\n<p><em>Donn\u00e9es fournies volontairement par les utilisateurs<\/em><\/p>\n<p>L&#8217;envoi volontaire, explicite et volontaire de donn\u00e9es personnelles par l&#8217;utilisateur sur ce site entra\u00eene n\u00e9cessairement l&#8217;acquisition de celles-ci, n\u00e9cessaires \u00e0 la fourniture du service demand\u00e9.<\/p>\n<p><em>Cookies<\/em><\/p>\n<p>Aucune donn\u00e9e personnelle des utilisateurs n&#8217;est acquise par le site Web \u00e0 cet \u00e9gard. Aucun cookie n&#8217;est utilis\u00e9 pour transmettre des informations personnelles, ni cookies persistants d&#8217;aucune sorte, ou syst\u00e8mes de suivi des utilisateurs. L&#8217;utilisation des cookies de session (qui ne sont pas stock\u00e9s de mani\u00e8re permanente sur l&#8217;ordinateur de l&#8217;utilisateur et disparaissent lorsque le navigateur est ferm\u00e9) est strictement limit\u00e9e \u00e0 la transmission d&#8217;identifiants de session (compos\u00e9s de nombres al\u00e9atoires g\u00e9n\u00e9r\u00e9s par le serveur) n\u00e9cessaires pour permettre une navigation s\u00e9curis\u00e9e et efficace sur le site. Les cookies de session utilis\u00e9s sur le site \u00e9vitent le recours \u00e0 d&#8217;autres techniques informatiques potentiellement pr\u00e9judiciables \u00e0 la confidentialit\u00e9 de la navigation des utilisateurs et n&#8217;autorisent pas l&#8217;acquisition de donn\u00e9es personnelles d&#8217;identification de l&#8217;utilisateur. Pour plus d&#8217;informations sur le traitement des cookies, veuillez consulter la politique en mati\u00e8re de cookies de la SGR : https:\/\/fondacogroup.it\/sgr\/cookie-policy\/.<\/p>\n<p><em>Fourniture facultative de donn\u00e9es personnelles<\/em><\/p>\n<p>Il est not\u00e9 qu&#8217;en ce qui concerne le traitement d\u00e9crit ci-dessus, la fourniture de donn\u00e9es personnelles est facultative mais n\u00e9cessaire \u00e0 l&#8217;ex\u00e9cution du service demand\u00e9 par l&#8217;utilisateur. Par cons\u00e9quent, tout refus de fournir des donn\u00e9es personnelles emp\u00eache l&#8217;ex\u00e9cution du service demand\u00e9 par l&#8217;utilisateur.<\/p>\n<p><em>Transfert de donn\u00e9es hors de l&#8217;UE<\/em><\/p>\n<p>Si la communication des donn\u00e9es personnelles mentionn\u00e9es ci-dessus est faite \u00e0 des tiers situ\u00e9s en dehors de l&#8217;Union europ\u00e9enne, les donn\u00e9es personnelles seront, dans ce cas, transf\u00e9r\u00e9es uniquement en pr\u00e9sence d&#8217;une d\u00e9cision d&#8217;ad\u00e9quation de la Commission europ\u00e9enne ou d&#8217;autres garanties ad\u00e9quates conform\u00e9ment aux articles 44 et suivants du GDPR.<\/p>\n<p><em>M\u00e9thodes de traitement<\/em><\/p>\n<p>Les donn\u00e9es personnelles sont trait\u00e9es \u00e0 l&#8217;aide d&#8217;outils automatis\u00e9s pour la dur\u00e9e strictement n\u00e9cessaire \u00e0 la r\u00e9alisation des finalit\u00e9s pour lesquelles elles ont \u00e9t\u00e9 collect\u00e9es. Des mesures de s\u00e9curit\u00e9 sp\u00e9cifiques sont observ\u00e9es pour emp\u00eacher la perte de donn\u00e9es, l&#8217;utilisation illicite ou incorrecte et l&#8217;acc\u00e8s non autoris\u00e9.<\/p>\n<p><em>Droits des personnes concern\u00e9es<\/em><\/p>\n<p>Chaque personne concern\u00e9e a le droit, \u00e0 tout moment, de demander \u00e0 la SGR, aux coordonn\u00e9es susmentionn\u00e9es, les droits pr\u00e9vus par le GDPR (droit d&#8217;acc\u00e8s, de rectification, d&#8217;effacement, de limitation du traitement, de portabilit\u00e9 des donn\u00e9es, d&#8217;opposition). Chaque personne concern\u00e9e a \u00e9galement le droit de retirer tout consent<\/p>\n<\/div><\/div><\/div><div class=\"fusion-layout-column fusion_builder_column fusion-builder-column-5 fusion_builder_column_1_6 1_6 fusion-flex-column fusion-no-small-visibility\" style=\"--awb-bg-size:cover;--awb-width-large:16.666666666667%;--awb-margin-top-large:0px;--awb-spacing-right-large:11.52%;--awb-margin-bottom-large:20px;--awb-spacing-left-large:11.52%;--awb-width-medium:100%;--awb-order-medium:0;--awb-spacing-right-medium:1.92%;--awb-spacing-left-medium:1.92%;--awb-width-small:100%;--awb-order-small:0;--awb-spacing-right-small:1.92%;--awb-spacing-left-small:1.92%;\"><div class=\"fusion-column-wrapper fusion-column-has-shadow fusion-flex-justify-content-flex-start fusion-content-layout-column\"><\/div><\/div><\/div><\/div>","protected":false},"excerpt":{"rendered":"","protected":false},"author":1,"featured_media":0,"parent":9953,"menu_order":0,"comment_status":"closed","ping_status":"open","template":"100-width.php","meta":{"footnotes":""},"class_list":["post-10098","page","type-page","status-publish","hentry"],"yoast_head":"\n<title>Privacy policy - Fondaco Group<\/title>\n<meta name=\"robots\" content=\"index, follow, max-snippet:-1, max-image-preview:large, max-video-preview:-1\" \/>\n<link rel=\"canonical\" href=\"https:\/\/fondacogroup.it\/fr\/sgr\/privacy-policy\/\" \/>\n<meta property=\"og:locale\" content=\"fr_FR\" \/>\n<meta property=\"og:type\" content=\"article\" \/>\n<meta property=\"og:title\" content=\"Privacy policy - Fondaco Group\" \/>\n<meta property=\"og:url\" content=\"https:\/\/fondacogroup.it\/fr\/sgr\/privacy-policy\/\" \/>\n<meta property=\"og:site_name\" content=\"Fondaco Group\" \/>\n<meta property=\"article:modified_time\" content=\"2024-03-21T11:01:05+00:00\" \/>\n<meta name=\"twitter:card\" content=\"summary_large_image\" \/>\n<meta name=\"twitter:label1\" content=\"Est. reading time\" \/>\n\t<meta name=\"twitter:data1\" content=\"4 minutes\" \/>\n<script type=\"application\/ld+json\" class=\"yoast-schema-graph\">{\"@context\":\"https:\/\/schema.org\",\"@graph\":[{\"@type\":\"WebPage\",\"@id\":\"https:\/\/fondacogroup.it\/fr\/sgr\/privacy-policy\/\",\"url\":\"https:\/\/fondacogroup.it\/fr\/sgr\/privacy-policy\/\",\"name\":\"Privacy policy - Fondaco Group\",\"isPartOf\":{\"@id\":\"https:\/\/fondacogroup.it\/fr\/#website\"},\"datePublished\":\"2021-04-08T07:44:52+00:00\",\"dateModified\":\"2024-03-21T11:01:05+00:00\",\"breadcrumb\":{\"@id\":\"https:\/\/fondacogroup.it\/fr\/sgr\/privacy-policy\/#breadcrumb\"},\"inLanguage\":\"fr-FR\",\"potentialAction\":[{\"@type\":\"ReadAction\",\"target\":[\"https:\/\/fondacogroup.it\/fr\/sgr\/privacy-policy\/\"]}]},{\"@type\":\"BreadcrumbList\",\"@id\":\"https:\/\/fondacogroup.it\/fr\/sgr\/privacy-policy\/#breadcrumb\",\"itemListElement\":[{\"@type\":\"ListItem\",\"position\":1,\"name\":\"Home\",\"item\":\"https:\/\/fondacogroup.it\/fr\/\"},{\"@type\":\"ListItem\",\"position\":2,\"name\":\"SGR\",\"item\":\"https:\/\/fondacogroup.it\/fr\/sgr\/\"},{\"@type\":\"ListItem\",\"position\":3,\"name\":\"Privacy policy\"}]},{\"@type\":\"WebSite\",\"@id\":\"https:\/\/fondacogroup.it\/fr\/#website\",\"url\":\"https:\/\/fondacogroup.it\/fr\/\",\"name\":\"Fondaco Group\",\"description\":\"Fondaco Group, una societ\u00e0 di gestione del risparmio dedita a soddisfare i bisogni dei nostri investitori: il nostro core business non \u00e8 fare raccolta ma accompagnarvi nella progettazione ed esecuzione delle vostre politiche di investimento.\",\"potentialAction\":[{\"@type\":\"SearchAction\",\"target\":{\"@type\":\"EntryPoint\",\"urlTemplate\":\"https:\/\/fondacogroup.it\/fr\/?s={search_term_string}\"},\"query-input\":{\"@type\":\"PropertyValueSpecification\",\"valueRequired\":true,\"valueName\":\"search_term_string\"}}],\"inLanguage\":\"fr-FR\"}]}<\/script>\n","yoast_head_json":{"title":"Privacy policy - Fondaco Group","robots":{"index":"index","follow":"follow","max-snippet":"max-snippet:-1","max-image-preview":"max-image-preview:large","max-video-preview":"max-video-preview:-1"},"canonical":"https:\/\/fondacogroup.it\/fr\/sgr\/privacy-policy\/","og_locale":"fr_FR","og_type":"article","og_title":"Privacy policy - Fondaco Group","og_url":"https:\/\/fondacogroup.it\/fr\/sgr\/privacy-policy\/","og_site_name":"Fondaco Group","article_modified_time":"2024-03-21T11:01:05+00:00","twitter_card":"summary_large_image","twitter_misc":{"Est. reading time":"4 minutes"},"schema":{"@context":"https:\/\/schema.org","@graph":[{"@type":"WebPage","@id":"https:\/\/fondacogroup.it\/fr\/sgr\/privacy-policy\/","url":"https:\/\/fondacogroup.it\/fr\/sgr\/privacy-policy\/","name":"Privacy policy - Fondaco Group","isPartOf":{"@id":"https:\/\/fondacogroup.it\/fr\/#website"},"datePublished":"2021-04-08T07:44:52+00:00","dateModified":"2024-03-21T11:01:05+00:00","breadcrumb":{"@id":"https:\/\/fondacogroup.it\/fr\/sgr\/privacy-policy\/#breadcrumb"},"inLanguage":"fr-FR","potentialAction":[{"@type":"ReadAction","target":["https:\/\/fondacogroup.it\/fr\/sgr\/privacy-policy\/"]}]},{"@type":"BreadcrumbList","@id":"https:\/\/fondacogroup.it\/fr\/sgr\/privacy-policy\/#breadcrumb","itemListElement":[{"@type":"ListItem","position":1,"name":"Home","item":"https:\/\/fondacogroup.it\/fr\/"},{"@type":"ListItem","position":2,"name":"SGR","item":"https:\/\/fondacogroup.it\/fr\/sgr\/"},{"@type":"ListItem","position":3,"name":"Privacy policy"}]},{"@type":"WebSite","@id":"https:\/\/fondacogroup.it\/fr\/#website","url":"https:\/\/fondacogroup.it\/fr\/","name":"Fondaco Group","description":"Fondaco Group, una societ\u00e0 di gestione del risparmio dedita a soddisfare i bisogni dei nostri investitori: il nostro core business non \u00e8 fare raccolta ma accompagnarvi nella progettazione ed esecuzione delle vostre politiche di investimento.","potentialAction":[{"@type":"SearchAction","target":{"@type":"EntryPoint","urlTemplate":"https:\/\/fondacogroup.it\/fr\/?s={search_term_string}"},"query-input":{"@type":"PropertyValueSpecification","valueRequired":true,"valueName":"search_term_string"}}],"inLanguage":"fr-FR"}]}},"_links":{"self":[{"href":"https:\/\/fondacogroup.it\/fr\/wp-json\/wp\/v2\/pages\/10098","targetHints":{"allow":["GET"]}}],"collection":[{"href":"https:\/\/fondacogroup.it\/fr\/wp-json\/wp\/v2\/pages"}],"about":[{"href":"https:\/\/fondacogroup.it\/fr\/wp-json\/wp\/v2\/types\/page"}],"author":[{"embeddable":true,"href":"https:\/\/fondacogroup.it\/fr\/wp-json\/wp\/v2\/users\/1"}],"replies":[{"embeddable":true,"href":"https:\/\/fondacogroup.it\/fr\/wp-json\/wp\/v2\/comments?post=10098"}],"version-history":[{"count":2,"href":"https:\/\/fondacogroup.it\/fr\/wp-json\/wp\/v2\/pages\/10098\/revisions"}],"predecessor-version":[{"id":19390,"href":"https:\/\/fondacogroup.it\/fr\/wp-json\/wp\/v2\/pages\/10098\/revisions\/19390"}],"up":[{"embeddable":true,"href":"https:\/\/fondacogroup.it\/fr\/wp-json\/wp\/v2\/pages\/9953"}],"wp:attachment":[{"href":"https:\/\/fondacogroup.it\/fr\/wp-json\/wp\/v2\/media?parent=10098"}],"curies":[{"name":"wp","href":"https:\/\/api.w.org\/{rel}","templated":true}]}}