{"id":13164,"date":"2021-10-07T12:22:24","date_gmt":"2021-10-07T10:22:24","guid":{"rendered":"https:\/\/fondacogroup.it\/?page_id=13164"},"modified":"2021-10-08T14:57:02","modified_gmt":"2021-10-08T12:57:02","slug":"philosophie","status":"publish","type":"page","link":"https:\/\/fondacogroup.it\/fr\/sgr\/durabilite\/philosophie\/","title":{"rendered":"Philosophie"},"content":{"rendered":"<div class=\"fusion-fullwidth fullwidth-box fusion-builder-row-1 fusion-flex-container nonhundred-percent-fullwidth non-hundred-percent-height-scrolling headerCentrato\" style=\"--awb-border-radius-top-left:0px;--awb-border-radius-top-right:0px;--awb-border-radius-bottom-right:0px;--awb-border-radius-bottom-left:0px;--awb-padding-top:14em;--awb-padding-bottom:1em;--awb-min-height:550px;--awb-background-color:#feb516;--awb-flex-wrap:wrap;\" ><div class=\"fusion-builder-row fusion-row fusion-flex-align-items-center fusion-flex-content-wrap\" style=\"max-width:1216.8px;margin-left: calc(-4% \/ 2 );margin-right: calc(-4% \/ 2 );\"><div class=\"fusion-layout-column fusion_builder_column fusion-builder-column-0 fusion_builder_column_1_4 1_4 fusion-flex-column\" style=\"--awb-bg-size:cover;--awb-width-large:25%;--awb-margin-top-large:0px;--awb-spacing-right-large:7.68%;--awb-margin-bottom-large:20px;--awb-spacing-left-large:7.68%;--awb-width-medium:100%;--awb-order-medium:0;--awb-spacing-right-medium:1.92%;--awb-spacing-left-medium:1.92%;--awb-width-small:100%;--awb-order-small:0;--awb-spacing-right-small:1.92%;--awb-spacing-left-small:1.92%;\"><div class=\"fusion-column-wrapper fusion-column-has-shadow fusion-flex-justify-content-flex-start fusion-content-layout-column\"><div class=\"fusion-title title fusion-title-1 fusion-title-center fusion-title-text fusion-title-size-five fusion-animated\" style=\"--awb-text-color:#ffffff;--awb-font-size:26px;\" data-animationType=\"fadeInRight\" data-animationDuration=\"1.0\" data-animationOffset=\"top-into-view\"><div class=\"title-sep-container title-sep-container-left\"><div class=\"title-sep sep- sep-solid\" style=\"border-color:#3e3e3e;\"><\/div><\/div><span class=\"awb-title-spacer\"><\/span><h5 class=\"fusion-title-heading title-heading-center fusion-responsive-typography-calculated\" style=\"margin:0;font-size:1em;--fontSize:26;line-height:1;\">LES BONNES IDEES<\/h5><span class=\"awb-title-spacer\"><\/span><div class=\"title-sep-container title-sep-container-right\"><div class=\"title-sep sep- sep-solid\" style=\"border-color:#3e3e3e;\"><\/div><\/div><\/div><\/div><\/div><div class=\"fusion-layout-column fusion_builder_column fusion-builder-column-1 fusion_builder_column_1_2 1_2 fusion-flex-column\" style=\"--awb-bg-size:cover;--awb-width-large:50%;--awb-margin-top-large:0px;--awb-spacing-right-large:3.84%;--awb-margin-bottom-large:20px;--awb-spacing-left-large:3.84%;--awb-width-medium:100%;--awb-order-medium:0;--awb-spacing-right-medium:1.92%;--awb-spacing-left-medium:1.92%;--awb-width-small:100%;--awb-order-small:0;--awb-spacing-right-small:1.92%;--awb-spacing-left-small:1.92%;\"><div class=\"fusion-column-wrapper fusion-column-has-shadow fusion-flex-justify-content-flex-start fusion-content-layout-column\"><div class=\"fusion-image-element \" style=\"text-align:center;--awb-caption-title-font-family:var(--h2_typography-font-family);--awb-caption-title-font-weight:var(--h2_typography-font-weight);--awb-caption-title-font-style:var(--h2_typography-font-style);--awb-caption-title-size:var(--h2_typography-font-size);--awb-caption-title-transform:var(--h2_typography-text-transform);--awb-caption-title-line-height:var(--h2_typography-line-height);--awb-caption-title-letter-spacing:var(--h2_typography-letter-spacing);\"><span class=\" fusion-imageframe imageframe-none imageframe-1 hover-type-none fusion-animated\" data-animationType=\"fadeInDown\" data-animationDuration=\"2.0\" data-animationOffset=\"top-into-view\"><img decoding=\"async\" width=\"135\" height=\"316\" title=\"SOSTENIBILITA\" src=\"https:\/\/fondacogroup.it\/wp-content\/uploads\/2021\/02\/SOSTENIBILITA.png\" alt class=\"img-responsive wp-image-14747\" srcset=\"https:\/\/fondacogroup.it\/wp-content\/uploads\/2021\/02\/SOSTENIBILITA-128x300.png 128w, https:\/\/fondacogroup.it\/wp-content\/uploads\/2021\/02\/SOSTENIBILITA.png 135w\" sizes=\"(max-width: 135px) 100vw, 135px\" \/><\/span><\/div><\/div><\/div><div class=\"fusion-layout-column fusion_builder_column fusion-builder-column-2 fusion_builder_column_1_4 1_4 fusion-flex-column\" style=\"--awb-bg-size:cover;--awb-width-large:25%;--awb-margin-top-large:0px;--awb-spacing-right-large:7.68%;--awb-margin-bottom-large:20px;--awb-spacing-left-large:7.68%;--awb-width-medium:100%;--awb-order-medium:0;--awb-spacing-right-medium:1.92%;--awb-spacing-left-medium:1.92%;--awb-width-small:100%;--awb-order-small:0;--awb-spacing-right-small:1.92%;--awb-spacing-left-small:1.92%;\"><div class=\"fusion-column-wrapper fusion-column-has-shadow fusion-flex-justify-content-flex-start fusion-content-layout-column\"><div class=\"fusion-title title fusion-title-2 fusion-title-center fusion-title-text fusion-title-size-five fusion-animated\" style=\"--awb-text-color:#ffffff;--awb-font-size:26px;\" data-animationType=\"fadeInLeft\" data-animationDuration=\"1.0\" data-animationOffset=\"top-into-view\"><div class=\"title-sep-container title-sep-container-left\"><div class=\"title-sep sep- sep-solid\" style=\"border-color:#3e3e3e;\"><\/div><\/div><span class=\"awb-title-spacer\"><\/span><h5 class=\"fusion-title-heading title-heading-center fusion-responsive-typography-calculated\" style=\"margin:0;font-size:1em;--fontSize:26;line-height:1;\">PORTENT<br \/>\r\nDE BONS FRUITS<\/h5><span class=\"awb-title-spacer\"><\/span><div class=\"title-sep-container title-sep-container-right\"><div class=\"title-sep sep- sep-solid\" style=\"border-color:#3e3e3e;\"><\/div><\/div><\/div><\/div><\/div><\/div><\/div><div class=\"fusion-fullwidth fullwidth-box fusion-builder-row-2 fusion-flex-container hundred-percent-fullwidth non-hundred-percent-height-scrolling\" style=\"--awb-border-radius-top-left:0px;--awb-border-radius-top-right:0px;--awb-border-radius-bottom-right:0px;--awb-border-radius-bottom-left:0px;--awb-padding-top:0.5em;--awb-padding-bottom:0.5em;--awb-background-color:#02a1df;--awb-flex-wrap:wrap;\" ><div class=\"fusion-builder-row fusion-row fusion-flex-align-items-flex-start fusion-flex-content-wrap\" style=\"width:104% !important;max-width:104% !important;margin-left: calc(-4% \/ 2 );margin-right: calc(-4% \/ 2 );\"><div class=\"fusion-layout-column fusion_builder_column fusion-builder-column-3 fusion_builder_column_1_1 1_1 fusion-flex-column\" style=\"--awb-bg-size:cover;--awb-width-large:100%;--awb-margin-top-large:0px;--awb-spacing-right-large:1.92%;--awb-margin-bottom-large:0px;--awb-spacing-left-large:1.92%;--awb-width-medium:100%;--awb-order-medium:0;--awb-spacing-right-medium:1.92%;--awb-spacing-left-medium:1.92%;--awb-width-small:100%;--awb-order-small:0;--awb-spacing-right-small:1.92%;--awb-spacing-left-small:1.92%;\"><div class=\"fusion-column-wrapper fusion-column-has-shadow fusion-flex-justify-content-flex-start fusion-content-layout-column\"><div class=\"fusion-text fusion-text-1\" style=\"--awb-font-size:12px;--awb-text-color:#ffffff;\"><p style=\"text-align: right; text-transform: uppercase; margin-bottom: 0;\"><a style=\"color: #fff;\" href=\"https:\/\/fondacogroup.it\/fr\/lux\/\">ALLER \u00c0 FONDACO LUX<\/a><\/p>\n<\/div><\/div><\/div><\/div><\/div>\n<div class=\"fusion-fullwidth fullwidth-box fusion-builder-row-3 fusion-flex-container hundred-percent-fullwidth non-hundred-percent-height-scrolling\" style=\"--awb-border-radius-top-left:0px;--awb-border-radius-top-right:0px;--awb-border-radius-bottom-right:0px;--awb-border-radius-bottom-left:0px;--awb-padding-top:2em;--awb-padding-bottom:2em;--awb-margin-bottom:0px;--awb-flex-wrap:wrap;\" ><div class=\"fusion-builder-row fusion-row fusion-flex-align-items-flex-start fusion-flex-content-wrap\" style=\"width:104% !important;max-width:104% !important;margin-left: calc(-4% \/ 2 );margin-right: calc(-4% \/ 2 );\"><div class=\"fusion-layout-column fusion_builder_column fusion-builder-column-4 fusion_builder_column_1_1 1_1 fusion-flex-column fusion-animated\" style=\"--awb-padding-bottom:0px;--awb-bg-size:cover;--awb-width-large:100%;--awb-margin-top-large:0px;--awb-spacing-right-large:1.92%;--awb-margin-bottom-large:0px;--awb-spacing-left-large:1.92%;--awb-width-medium:100%;--awb-order-medium:0;--awb-spacing-right-medium:1.92%;--awb-spacing-left-medium:1.92%;--awb-width-small:100%;--awb-order-small:0;--awb-spacing-right-small:1.92%;--awb-spacing-left-small:1.92%;\" data-animationType=\"fadeInLeft\" data-animationDuration=\"1.0\" data-animationOffset=\"top-into-view\"><div class=\"fusion-column-wrapper fusion-column-has-shadow fusion-flex-justify-content-flex-start fusion-content-layout-column\"><nav class=\"fusion-breadcrumbs awb-yoast-breadcrumbs fusion-breadcrumbs-1\" style=\"--awb-alignment:right;--awb-font-size:14px;--awb-text-hover-color:#feb516;--awb-breadcrumb-sep:&#039;|&#039;;text-align:right;\" aria-label=\"Breadcrumb\"><span><span><a href=\"https:\/\/fondacogroup.it\/fr\/\">Home<\/a><\/span><\/span><\/nav><\/div><\/div><\/div><\/div>\n<div class=\"fusion-fullwidth fullwidth-box fusion-builder-row-4 fusion-flex-container hundred-percent-fullwidth non-hundred-percent-height-scrolling fusion-animated\" style=\"--awb-border-radius-top-left:0px;--awb-border-radius-top-right:0px;--awb-border-radius-bottom-right:0px;--awb-border-radius-bottom-left:0px;--awb-padding-top:0px;--awb-padding-right:0px;--awb-padding-bottom:0px;--awb-padding-left:0px;--awb-background-color:#1f512e;--awb-flex-wrap:wrap;\" data-animationType=\"fadeInLeft\" data-animationDuration=\"2.0\" data-animationOffset=\"top-into-view\" ><div class=\"fusion-builder-row fusion-row fusion-flex-align-items-flex-start fusion-flex-content-wrap\" style=\"width:104% !important;max-width:104% !important;margin-left: calc(-4% \/ 2 );margin-right: calc(-4% \/ 2 );\"><div class=\"fusion-layout-column fusion_builder_column fusion-builder-column-5 fusion_builder_column_1_5 1_5 fusion-flex-column\" style=\"--awb-bg-size:cover;--awb-width-large:20%;--awb-margin-top-large:0px;--awb-spacing-right-large:9.6%;--awb-margin-bottom-large:20px;--awb-spacing-left-large:9.6%;--awb-width-medium:100%;--awb-order-medium:0;--awb-spacing-right-medium:1.92%;--awb-spacing-left-medium:1.92%;--awb-width-small:100%;--awb-order-small:0;--awb-spacing-right-small:1.92%;--awb-spacing-left-small:1.92%;\"><div class=\"fusion-column-wrapper fusion-column-has-shadow fusion-flex-justify-content-flex-start fusion-content-layout-column\"><\/div><\/div><div class=\"fusion-layout-column fusion_builder_column fusion-builder-column-6 fusion_builder_column_3_5 3_5 fusion-flex-column\" style=\"--awb-bg-size:cover;--awb-width-large:60%;--awb-margin-top-large:0px;--awb-spacing-right-large:3.2%;--awb-margin-bottom-large:20px;--awb-spacing-left-large:3.2%;--awb-width-medium:100%;--awb-order-medium:0;--awb-spacing-right-medium:1.92%;--awb-spacing-left-medium:1.92%;--awb-width-small:100%;--awb-order-small:0;--awb-spacing-right-small:1.92%;--awb-spacing-left-small:1.92%;\"><div class=\"fusion-column-wrapper fusion-column-has-shadow fusion-flex-justify-content-flex-start fusion-content-layout-column\"><div class=\"fusion-text fusion-text-2\" style=\"--awb-font-size:20px;--awb-text-color:#ffffff;--awb-margin-top:70px;--awb-margin-right:40px;--awb-margin-left:40px;\"><p style=\"text-align: center;\">LA RESPONSABILIT\u00c9 SOCIALE EST UN \u00c9L\u00c9MENT INTRINS\u00c8QUE \u00c0 LA NATURE DE FONDACO, DE SES ACTIONNAIRES ET DE SES INVESTISSEURS, EN ALIGNANT LES OBJECTIFS DE GESTION DES ACTIFS SUR LES OBJECTIFS INSTITUTIONNELS, DANS L\u2019INT\u00c9R\u00caT DE LA COLLECTIVIT\u00c9 ET DANS LE RESPECT DES PRIORIT\u00c9S DES INVESTISSEURS.<\/p>\n<p>\nL\u2019objectif de Fondaco est d\u2019accompagner le changement avec une vision \u00e0 long terme, en prot\u00e9geant et en augmentant les actifs des investisseurs tout en int\u00e9grant des crit\u00e8res environnementaux, sociaux et de gouvernance (ESG) dans la gestion des entreprises et les processus d\u2019investissement.<\/p>\n<p>Pour mieux encadrer et orienter ses activit\u00e9s dans le domaine de la durabilit\u00e9, nous avons d\u00e9cid\u00e9 d\u2019utiliser les Objectifs de D\u00e9veloppement Durable de l\u2019Agenda 2030 des Nations unies comme lignes directrices en prenant en consid\u00e9ration des effets n\u00e9gatifs sur les facteurs de durabilit\u00e9.<\/p>\n<p>Nous croyons fermement que la durabilit\u00e9 est une force, nous sommes au d\u00e9but d\u2019un long voyage et, en ce qui nous concerne, nous nous concentrons sur les \u00e9l\u00e9ments sur lesquels nous pouvons avoir un impact : la diversit\u00e9, l\u2019\u00e9galit\u00e9 des chances et l\u2019impact environnemental de nos activit\u00e9s quotidiennes.<\/p>\n<\/div><\/div><\/div><div class=\"fusion-layout-column fusion_builder_column fusion-builder-column-7 fusion_builder_column_1_5 1_5 fusion-flex-column\" style=\"--awb-bg-size:cover;--awb-width-large:20%;--awb-margin-top-large:0px;--awb-spacing-right-large:9.6%;--awb-margin-bottom-large:20px;--awb-spacing-left-large:9.6%;--awb-width-medium:100%;--awb-order-medium:0;--awb-spacing-right-medium:1.92%;--awb-spacing-left-medium:1.92%;--awb-width-small:100%;--awb-order-small:0;--awb-spacing-right-small:1.92%;--awb-spacing-left-small:1.92%;\"><div class=\"fusion-column-wrapper fusion-column-has-shadow fusion-flex-justify-content-flex-start fusion-content-layout-column\"><\/div><\/div><\/div><\/div>","protected":false},"excerpt":{"rendered":"","protected":false},"author":2,"featured_media":0,"parent":10101,"menu_order":0,"comment_status":"closed","ping_status":"closed","template":"100-width.php","meta":{"footnotes":""},"class_list":["post-13164","page","type-page","status-publish","hentry"],"yoast_head":"\n<title>Philosophie - Fondaco Group<\/title>\n<meta name=\"robots\" content=\"index, follow, max-snippet:-1, max-image-preview:large, max-video-preview:-1\" \/>\n<link rel=\"canonical\" href=\"https:\/\/fondacogroup.it\/fr\/sgr\/durabilite\/philosophie\/\" \/>\n<meta property=\"og:locale\" content=\"fr_FR\" \/>\n<meta property=\"og:type\" content=\"article\" \/>\n<meta property=\"og:title\" content=\"Philosophie - Fondaco Group\" \/>\n<meta property=\"og:url\" content=\"https:\/\/fondacogroup.it\/fr\/sgr\/durabilite\/philosophie\/\" \/>\n<meta property=\"og:site_name\" content=\"Fondaco Group\" \/>\n<meta property=\"article:modified_time\" content=\"2021-10-08T12:57:02+00:00\" \/>\n<meta name=\"twitter:card\" content=\"summary_large_image\" \/>\n<meta name=\"twitter:label1\" content=\"Est. reading time\" \/>\n\t<meta name=\"twitter:data1\" content=\"7 minutes\" \/>\n<script type=\"application\/ld+json\" class=\"yoast-schema-graph\">{\"@context\":\"https:\/\/schema.org\",\"@graph\":[{\"@type\":\"WebPage\",\"@id\":\"https:\/\/fondacogroup.it\/fr\/sgr\/durabilite\/philosophie\/\",\"url\":\"https:\/\/fondacogroup.it\/fr\/sgr\/durabilite\/philosophie\/\",\"name\":\"Philosophie - Fondaco Group\",\"isPartOf\":{\"@id\":\"https:\/\/fondacogroup.it\/fr\/#website\"},\"datePublished\":\"2021-10-07T10:22:24+00:00\",\"dateModified\":\"2021-10-08T12:57:02+00:00\",\"breadcrumb\":{\"@id\":\"https:\/\/fondacogroup.it\/fr\/sgr\/durabilite\/philosophie\/#breadcrumb\"},\"inLanguage\":\"fr-FR\",\"potentialAction\":[{\"@type\":\"ReadAction\",\"target\":[\"https:\/\/fondacogroup.it\/fr\/sgr\/durabilite\/philosophie\/\"]}]},{\"@type\":\"BreadcrumbList\",\"@id\":\"https:\/\/fondacogroup.it\/fr\/sgr\/durabilite\/philosophie\/#breadcrumb\",\"itemListElement\":[{\"@type\":\"ListItem\",\"position\":1,\"name\":\"Home\",\"item\":\"https:\/\/fondacogroup.it\/fr\/\"},{\"@type\":\"ListItem\",\"position\":2,\"name\":\"SGR\",\"item\":\"https:\/\/fondacogroup.it\/fr\/sgr\/\"},{\"@type\":\"ListItem\",\"position\":3,\"name\":\"Durabilit\u00e9\",\"item\":\"https:\/\/fondacogroup.it\/fr\/sgr\/durabilite\/\"},{\"@type\":\"ListItem\",\"position\":4,\"name\":\"Philosophie\"}]},{\"@type\":\"WebSite\",\"@id\":\"https:\/\/fondacogroup.it\/fr\/#website\",\"url\":\"https:\/\/fondacogroup.it\/fr\/\",\"name\":\"Fondaco Group\",\"description\":\"Fondaco Group, una societ\u00e0 di gestione del risparmio dedita a soddisfare i bisogni dei nostri investitori: il nostro core business non \u00e8 fare raccolta ma accompagnarvi nella progettazione ed esecuzione delle vostre politiche di investimento.\",\"potentialAction\":[{\"@type\":\"SearchAction\",\"target\":{\"@type\":\"EntryPoint\",\"urlTemplate\":\"https:\/\/fondacogroup.it\/fr\/?s={search_term_string}\"},\"query-input\":{\"@type\":\"PropertyValueSpecification\",\"valueRequired\":true,\"valueName\":\"search_term_string\"}}],\"inLanguage\":\"fr-FR\"}]}<\/script>\n","yoast_head_json":{"title":"Philosophie - Fondaco Group","robots":{"index":"index","follow":"follow","max-snippet":"max-snippet:-1","max-image-preview":"max-image-preview:large","max-video-preview":"max-video-preview:-1"},"canonical":"https:\/\/fondacogroup.it\/fr\/sgr\/durabilite\/philosophie\/","og_locale":"fr_FR","og_type":"article","og_title":"Philosophie - Fondaco Group","og_url":"https:\/\/fondacogroup.it\/fr\/sgr\/durabilite\/philosophie\/","og_site_name":"Fondaco Group","article_modified_time":"2021-10-08T12:57:02+00:00","twitter_card":"summary_large_image","twitter_misc":{"Est. reading time":"7 minutes"},"schema":{"@context":"https:\/\/schema.org","@graph":[{"@type":"WebPage","@id":"https:\/\/fondacogroup.it\/fr\/sgr\/durabilite\/philosophie\/","url":"https:\/\/fondacogroup.it\/fr\/sgr\/durabilite\/philosophie\/","name":"Philosophie - Fondaco Group","isPartOf":{"@id":"https:\/\/fondacogroup.it\/fr\/#website"},"datePublished":"2021-10-07T10:22:24+00:00","dateModified":"2021-10-08T12:57:02+00:00","breadcrumb":{"@id":"https:\/\/fondacogroup.it\/fr\/sgr\/durabilite\/philosophie\/#breadcrumb"},"inLanguage":"fr-FR","potentialAction":[{"@type":"ReadAction","target":["https:\/\/fondacogroup.it\/fr\/sgr\/durabilite\/philosophie\/"]}]},{"@type":"BreadcrumbList","@id":"https:\/\/fondacogroup.it\/fr\/sgr\/durabilite\/philosophie\/#breadcrumb","itemListElement":[{"@type":"ListItem","position":1,"name":"Home","item":"https:\/\/fondacogroup.it\/fr\/"},{"@type":"ListItem","position":2,"name":"SGR","item":"https:\/\/fondacogroup.it\/fr\/sgr\/"},{"@type":"ListItem","position":3,"name":"Durabilit\u00e9","item":"https:\/\/fondacogroup.it\/fr\/sgr\/durabilite\/"},{"@type":"ListItem","position":4,"name":"Philosophie"}]},{"@type":"WebSite","@id":"https:\/\/fondacogroup.it\/fr\/#website","url":"https:\/\/fondacogroup.it\/fr\/","name":"Fondaco Group","description":"Fondaco Group, una societ\u00e0 di gestione del risparmio dedita a soddisfare i bisogni dei nostri investitori: il nostro core business non \u00e8 fare raccolta ma accompagnarvi nella progettazione ed esecuzione delle vostre politiche di investimento.","potentialAction":[{"@type":"SearchAction","target":{"@type":"EntryPoint","urlTemplate":"https:\/\/fondacogroup.it\/fr\/?s={search_term_string}"},"query-input":{"@type":"PropertyValueSpecification","valueRequired":true,"valueName":"search_term_string"}}],"inLanguage":"fr-FR"}]}},"_links":{"self":[{"href":"https:\/\/fondacogroup.it\/fr\/wp-json\/wp\/v2\/pages\/13164","targetHints":{"allow":["GET"]}}],"collection":[{"href":"https:\/\/fondacogroup.it\/fr\/wp-json\/wp\/v2\/pages"}],"about":[{"href":"https:\/\/fondacogroup.it\/fr\/wp-json\/wp\/v2\/types\/page"}],"author":[{"embeddable":true,"href":"https:\/\/fondacogroup.it\/fr\/wp-json\/wp\/v2\/users\/2"}],"replies":[{"embeddable":true,"href":"https:\/\/fondacogroup.it\/fr\/wp-json\/wp\/v2\/comments?post=13164"}],"version-history":[{"count":0,"href":"https:\/\/fondacogroup.it\/fr\/wp-json\/wp\/v2\/pages\/13164\/revisions"}],"up":[{"embeddable":true,"href":"https:\/\/fondacogroup.it\/fr\/wp-json\/wp\/v2\/pages\/10101"}],"wp:attachment":[{"href":"https:\/\/fondacogroup.it\/fr\/wp-json\/wp\/v2\/media?parent=13164"}],"curies":[{"name":"wp","href":"https:\/\/api.w.org\/{rel}","templated":true}]}}