{"id":14149,"date":"2021-11-02T12:28:42","date_gmt":"2021-11-02T11:28:42","guid":{"rendered":"https:\/\/fondacogroup.it\/?page_id=14149"},"modified":"2023-03-06T16:11:42","modified_gmt":"2023-03-06T15:11:42","slug":"esg-et-investissements-durables","status":"publish","type":"page","link":"https:\/\/fondacogroup.it\/fr\/lux\/durabilite\/esg-et-investissements-durables\/","title":{"rendered":"ESG et investissements durables"},"content":{"rendered":"<div class=\"fusion-fullwidth fullwidth-box fusion-builder-row-1 fusion-flex-container nonhundred-percent-fullwidth non-hundred-percent-height-scrolling headerCentrato\" style=\"--awb-border-radius-top-left:0px;--awb-border-radius-top-right:0px;--awb-border-radius-bottom-right:0px;--awb-border-radius-bottom-left:0px;--awb-padding-top:14em;--awb-padding-bottom:1em;--awb-min-height:550px;--awb-background-color:#02a1df;--awb-flex-wrap:wrap;\" ><div class=\"fusion-builder-row fusion-row fusion-flex-align-items-center fusion-flex-content-wrap\" style=\"max-width:1216.8px;margin-left: calc(-4% \/ 2 );margin-right: calc(-4% \/ 2 );\"><div class=\"fusion-layout-column fusion_builder_column fusion-builder-column-0 fusion_builder_column_1_4 1_4 fusion-flex-column\" style=\"--awb-bg-size:cover;--awb-width-large:25%;--awb-margin-top-large:0px;--awb-spacing-right-large:7.68%;--awb-margin-bottom-large:20px;--awb-spacing-left-large:7.68%;--awb-width-medium:100%;--awb-order-medium:0;--awb-spacing-right-medium:1.92%;--awb-spacing-left-medium:1.92%;--awb-width-small:100%;--awb-order-small:0;--awb-spacing-right-small:1.92%;--awb-spacing-left-small:1.92%;\"><div class=\"fusion-column-wrapper fusion-column-has-shadow fusion-flex-justify-content-flex-start fusion-content-layout-column\"><div class=\"fusion-title title fusion-title-1 fusion-title-center fusion-title-text fusion-title-size-five fusion-animated\" style=\"--awb-text-color:#ffffff;--awb-font-size:26px;\" data-animationType=\"fadeInRight\" data-animationDuration=\"1.0\" data-animationOffset=\"top-into-view\"><div class=\"title-sep-container title-sep-container-left\"><div class=\"title-sep sep- sep-solid\" style=\"border-color:#3e3e3e;\"><\/div><\/div><span class=\"awb-title-spacer\"><\/span><h5 class=\"fusion-title-heading title-heading-center fusion-responsive-typography-calculated\" style=\"margin:0;font-size:1em;--fontSize:26;line-height:1;\"><br \/>\r\nLES BONNES ID\u00c9ES<br \/>\r\n<br \/><\/h5><span class=\"awb-title-spacer\"><\/span><div class=\"title-sep-container title-sep-container-right\"><div class=\"title-sep sep- sep-solid\" style=\"border-color:#3e3e3e;\"><\/div><\/div><\/div><\/div><\/div><div class=\"fusion-layout-column fusion_builder_column fusion-builder-column-1 fusion_builder_column_1_2 1_2 fusion-flex-column\" style=\"--awb-bg-size:cover;--awb-width-large:50%;--awb-margin-top-large:0px;--awb-spacing-right-large:3.84%;--awb-margin-bottom-large:20px;--awb-spacing-left-large:3.84%;--awb-width-medium:100%;--awb-order-medium:0;--awb-spacing-right-medium:1.92%;--awb-spacing-left-medium:1.92%;--awb-width-small:100%;--awb-order-small:0;--awb-spacing-right-small:1.92%;--awb-spacing-left-small:1.92%;\"><div class=\"fusion-column-wrapper fusion-column-has-shadow fusion-flex-justify-content-flex-start fusion-content-layout-column\"><div class=\"fusion-image-element \" style=\"text-align:center;--awb-caption-title-font-family:var(--h2_typography-font-family);--awb-caption-title-font-weight:var(--h2_typography-font-weight);--awb-caption-title-font-style:var(--h2_typography-font-style);--awb-caption-title-size:var(--h2_typography-font-size);--awb-caption-title-transform:var(--h2_typography-text-transform);--awb-caption-title-line-height:var(--h2_typography-line-height);--awb-caption-title-letter-spacing:var(--h2_typography-letter-spacing);\"><span class=\" fusion-imageframe imageframe-none imageframe-1 hover-type-none fusion-animated\" data-animationType=\"fadeInDown\" data-animationDuration=\"2.0\" data-animationOffset=\"top-into-view\"><img decoding=\"async\" width=\"135\" height=\"316\" title=\"SOSTENIBILITA\" src=\"https:\/\/fondacogroup.it\/wp-content\/uploads\/2021\/02\/SOSTENIBILITA.png\" alt class=\"img-responsive wp-image-14747\" srcset=\"https:\/\/fondacogroup.it\/wp-content\/uploads\/2021\/02\/SOSTENIBILITA-128x300.png 128w, https:\/\/fondacogroup.it\/wp-content\/uploads\/2021\/02\/SOSTENIBILITA.png 135w\" sizes=\"(max-width: 135px) 100vw, 135px\" \/><\/span><\/div><\/div><\/div><div class=\"fusion-layout-column fusion_builder_column fusion-builder-column-2 fusion_builder_column_1_4 1_4 fusion-flex-column\" style=\"--awb-bg-size:cover;--awb-width-large:25%;--awb-margin-top-large:0px;--awb-spacing-right-large:7.68%;--awb-margin-bottom-large:20px;--awb-spacing-left-large:7.68%;--awb-width-medium:100%;--awb-order-medium:0;--awb-spacing-right-medium:1.92%;--awb-spacing-left-medium:1.92%;--awb-width-small:100%;--awb-order-small:0;--awb-spacing-right-small:1.92%;--awb-spacing-left-small:1.92%;\"><div class=\"fusion-column-wrapper fusion-column-has-shadow fusion-flex-justify-content-flex-start fusion-content-layout-column\"><div class=\"fusion-title title fusion-title-2 fusion-title-center fusion-title-text fusion-title-size-five fusion-animated\" style=\"--awb-text-color:#ffffff;--awb-font-size:26px;\" data-animationType=\"fadeInLeft\" data-animationDuration=\"1.0\" data-animationOffset=\"top-into-view\"><div class=\"title-sep-container title-sep-container-left\"><div class=\"title-sep sep- sep-solid\" style=\"border-color:#3e3e3e;\"><\/div><\/div><span class=\"awb-title-spacer\"><\/span><h5 class=\"fusion-title-heading title-heading-center fusion-responsive-typography-calculated\" style=\"margin:0;font-size:1em;--fontSize:26;line-height:1;\">PORTENT<br \/>\r\nDE BONS FRUITS<\/h5><span class=\"awb-title-spacer\"><\/span><div class=\"title-sep-container title-sep-container-right\"><div class=\"title-sep sep- sep-solid\" style=\"border-color:#3e3e3e;\"><\/div><\/div><\/div><\/div><\/div><\/div><\/div><div class=\"fusion-fullwidth fullwidth-box fusion-builder-row-2 fusion-flex-container hundred-percent-fullwidth non-hundred-percent-height-scrolling\" style=\"--awb-border-radius-top-left:0px;--awb-border-radius-top-right:0px;--awb-border-radius-bottom-right:0px;--awb-border-radius-bottom-left:0px;--awb-padding-top:0.5em;--awb-padding-bottom:0.5em;--awb-background-color:#feb516;--awb-flex-wrap:wrap;\" ><div class=\"fusion-builder-row fusion-row fusion-flex-align-items-flex-start fusion-flex-content-wrap\" style=\"width:104% !important;max-width:104% !important;margin-left: calc(-4% \/ 2 );margin-right: calc(-4% \/ 2 );\"><div class=\"fusion-layout-column fusion_builder_column fusion-builder-column-3 fusion_builder_column_1_1 1_1 fusion-flex-column\" style=\"--awb-bg-size:cover;--awb-width-large:100%;--awb-margin-top-large:0px;--awb-spacing-right-large:1.92%;--awb-margin-bottom-large:0px;--awb-spacing-left-large:1.92%;--awb-width-medium:100%;--awb-order-medium:0;--awb-spacing-right-medium:1.92%;--awb-spacing-left-medium:1.92%;--awb-width-small:100%;--awb-order-small:0;--awb-spacing-right-small:1.92%;--awb-spacing-left-small:1.92%;\"><div class=\"fusion-column-wrapper fusion-column-has-shadow fusion-flex-justify-content-flex-start fusion-content-layout-column\"><div class=\"fusion-text fusion-text-1\" style=\"--awb-font-size:12px;--awb-text-color:#ffffff;\"><p style=\"text-align: right; text-transform: uppercase; margin-bottom: 0;\"><a style=\"color: #142a38;\" href=\"https:\/\/fondacogroup.it\/fr\/sgr\/\">ALLER \u00c0 FONDACO SGR<\/a><\/p>\n<\/div><\/div><\/div><\/div><\/div>\n<div class=\"fusion-fullwidth fullwidth-box fusion-builder-row-3 fusion-flex-container hundred-percent-fullwidth non-hundred-percent-height-scrolling\" style=\"--awb-border-radius-top-left:0px;--awb-border-radius-top-right:0px;--awb-border-radius-bottom-right:0px;--awb-border-radius-bottom-left:0px;--awb-padding-top:2em;--awb-padding-bottom:2em;--awb-margin-bottom:0px;--awb-background-color:#ffffff;--awb-flex-wrap:wrap;\" ><div class=\"fusion-builder-row fusion-row fusion-flex-align-items-flex-start fusion-flex-content-wrap\" style=\"width:104% !important;max-width:104% !important;margin-left: calc(-4% \/ 2 );margin-right: calc(-4% \/ 2 );\"><div class=\"fusion-layout-column fusion_builder_column fusion-builder-column-4 fusion_builder_column_1_1 1_1 fusion-flex-column fusion-animated\" style=\"--awb-padding-bottom:0px;--awb-bg-size:cover;--awb-width-large:100%;--awb-margin-top-large:0px;--awb-spacing-right-large:1.92%;--awb-margin-bottom-large:0px;--awb-spacing-left-large:1.92%;--awb-width-medium:100%;--awb-order-medium:0;--awb-spacing-right-medium:1.92%;--awb-spacing-left-medium:1.92%;--awb-width-small:100%;--awb-order-small:0;--awb-spacing-right-small:1.92%;--awb-spacing-left-small:1.92%;\" data-animationType=\"fadeInLeft\" data-animationDuration=\"1.0\" data-animationOffset=\"top-into-view\"><div class=\"fusion-column-wrapper fusion-column-has-shadow fusion-flex-justify-content-flex-start fusion-content-layout-column\"><nav class=\"fusion-breadcrumbs awb-yoast-breadcrumbs fusion-breadcrumbs-1\" style=\"--awb-alignment:right;--awb-font-size:14px;--awb-text-hover-color:#02a1df;--awb-text-color:#3b3b3b;--awb-breadcrumb-sep:&#039;|&#039;;text-align:right;\" aria-label=\"Breadcrumb\"><span><span><a href=\"https:\/\/fondacogroup.it\/fr\/\">Home<\/a><\/span><\/span><\/nav><\/div><\/div><\/div><\/div>\n<div class=\"fusion-fullwidth fullwidth-box fusion-builder-row-4 fusion-flex-container hundred-percent-fullwidth non-hundred-percent-height-scrolling fusion-animated\" style=\"--awb-border-radius-top-left:0px;--awb-border-radius-top-right:0px;--awb-border-radius-bottom-right:0px;--awb-border-radius-bottom-left:0px;--awb-padding-top:0px;--awb-padding-right:0px;--awb-padding-bottom:0px;--awb-padding-left:0px;--awb-background-color:#1f512e;--awb-flex-wrap:wrap;\" data-animationType=\"fadeInLeft\" data-animationDuration=\"2.0\" data-animationOffset=\"top-into-view\" ><div class=\"fusion-builder-row fusion-row fusion-flex-align-items-flex-start fusion-flex-content-wrap\" style=\"width:104% !important;max-width:104% !important;margin-left: calc(-4% \/ 2 );margin-right: calc(-4% \/ 2 );\"><div class=\"fusion-layout-column fusion_builder_column fusion-builder-column-5 fusion_builder_column_1_5 1_5 fusion-flex-column\" style=\"--awb-bg-size:cover;--awb-width-large:20%;--awb-margin-top-large:0px;--awb-spacing-right-large:9.6%;--awb-margin-bottom-large:20px;--awb-spacing-left-large:9.6%;--awb-width-medium:100%;--awb-order-medium:0;--awb-spacing-right-medium:1.92%;--awb-spacing-left-medium:1.92%;--awb-width-small:100%;--awb-order-small:0;--awb-spacing-right-small:1.92%;--awb-spacing-left-small:1.92%;\"><div class=\"fusion-column-wrapper fusion-column-has-shadow fusion-flex-justify-content-flex-start fusion-content-layout-column\"><\/div><\/div><div class=\"fusion-layout-column fusion_builder_column fusion-builder-column-6 fusion_builder_column_3_5 3_5 fusion-flex-column\" style=\"--awb-bg-size:cover;--awb-width-large:60%;--awb-margin-top-large:0px;--awb-spacing-right-large:3.2%;--awb-margin-bottom-large:20px;--awb-spacing-left-large:3.2%;--awb-width-medium:100%;--awb-order-medium:0;--awb-spacing-right-medium:1.92%;--awb-spacing-left-medium:1.92%;--awb-width-small:100%;--awb-order-small:0;--awb-spacing-right-small:1.92%;--awb-spacing-left-small:1.92%;\"><div class=\"fusion-column-wrapper fusion-column-has-shadow fusion-flex-justify-content-flex-start fusion-content-layout-column\"><div class=\"fusion-text fusion-text-2\" style=\"--awb-text-color:#ffffff;\"><p><div class=\"fusion-content-boxes content-boxes columns row fusion-columns-1 fusion-columns-total-1 fusion-content-boxes-1 content-boxes-icon-boxed content-left\" style=\"--awb-hover-accent-color:#02a1df;--awb-circle-hover-accent-color:#02a1df;--awb-item-margin-bottom:40px;\" data-animationOffset=\"top-into-view\"><div style=\"--awb-backgroundcolor:rgba(255,255,255,0.12);\" class=\"fusion-column content-box-column content-box-column content-box-column-1 col-lg-12 col-md-12 col-sm-12 fusion-content-box-hover content-box-column-last content-box-column-last-in-row\"><div class=\"col content-box-wrapper content-wrapper-background content-wrapper-boxed link-area-link-icon icon-hover-animation-fade\" data-animationOffset=\"top-into-view\"><div class=\"heading icon-left\"><h2 class=\"content-box-heading fusion-responsive-typography-calculated\" style=\"--h2_typography-font-size:18px;--fontSize:18;line-height:1.2;\">PRI<\/h2><\/div><div class=\"fusion-clearfix\"><\/div><div class=\"content-container\"><\/p>\n<p style=\"text-align: left;\"><img decoding=\"async\" class=\"size-full wp-image-5922 alignleft\" src=\"https:\/\/fondacogroup.it\/wp-content\/uploads\/2021\/02\/Principles-for-Responsible-Investment.png\" alt=\"\" width=\"283\" height=\"80\" srcset=\"https:\/\/fondacogroup.it\/wp-content\/uploads\/2021\/02\/Principles-for-Responsible-Investment-200x57.png 200w, https:\/\/fondacogroup.it\/wp-content\/uploads\/2021\/02\/Principles-for-Responsible-Investment.png 283w\" sizes=\"(max-width: 283px) 100vw, 283px\" \/><\/p>\n<p>\n<span style=\"color: #ffffff;\">PRI On a adh\u00e9r\u00e9 et soussign\u00e9 \u00e0 niveau soci\u00e9taire les Principales for Responsible Investment (PRI) des Nations Unies.<\/span><\/p>\n<p><\/div><\/div><\/div>\n<div class=\"fusion-clearfix\"><\/div><\/div>\n<br \/>\nOn accompagne l\u2019investisseur dans la r\u00e9alisation des v\u00e9hicules et des investissements ESG compliant et on surveille l\u2019avancement en donnant des indications mensuelles aux g\u00e9rants et on contr\u00f4le constamment le respect des limites.<\/p>\n<p>L\u2019activit\u00e9 de gestion effectu\u00e9e \u00e0 travers les g\u00e9rants d\u00e9l\u00e8gues est impl\u00e9ment\u00e9e \u00e0 travers une s\u00e9lection attentive des contreparties qui int\u00e8grent dans leur politique d\u2019investissement les crit\u00e8res ESG et font constamment le contr\u00f4le de l\u2019application effective.<\/p>\n<p>L\u2019attention au risque et \u00e0 la durabilit\u00e9, pas uniquement d\u2019un point de vue financier mais aussi soci\u00e9taire et un des points cardinaux de notre activit\u00e9 quotidienne.<\/p>\n<\/div><\/div><\/div><div class=\"fusion-layout-column fusion_builder_column fusion-builder-column-7 fusion_builder_column_1_5 1_5 fusion-flex-column\" style=\"--awb-bg-size:cover;--awb-width-large:20%;--awb-margin-top-large:0px;--awb-spacing-right-large:9.6%;--awb-margin-bottom-large:20px;--awb-spacing-left-large:9.6%;--awb-width-medium:100%;--awb-order-medium:0;--awb-spacing-right-medium:1.92%;--awb-spacing-left-medium:1.92%;--awb-width-small:100%;--awb-order-small:0;--awb-spacing-right-small:1.92%;--awb-spacing-left-small:1.92%;\"><div class=\"fusion-column-wrapper fusion-column-has-shadow fusion-flex-justify-content-flex-start fusion-content-layout-column\"><\/div><\/div><\/div><\/div>","protected":false},"excerpt":{"rendered":"","protected":false},"author":2,"featured_media":0,"parent":9629,"menu_order":0,"comment_status":"closed","ping_status":"closed","template":"100-width.php","meta":{"footnotes":""},"class_list":["post-14149","page","type-page","status-publish","hentry"],"yoast_head":"\n<title>ESG et investissements durables - Fondaco Group<\/title>\n<meta name=\"robots\" content=\"index, follow, max-snippet:-1, max-image-preview:large, max-video-preview:-1\" \/>\n<link rel=\"canonical\" href=\"https:\/\/fondacogroup.it\/fr\/lux\/durabilite\/esg-et-investissements-durables\/\" \/>\n<meta property=\"og:locale\" content=\"fr_FR\" \/>\n<meta property=\"og:type\" content=\"article\" \/>\n<meta property=\"og:title\" content=\"ESG et investissements durables - Fondaco Group\" \/>\n<meta property=\"og:url\" content=\"https:\/\/fondacogroup.it\/fr\/lux\/durabilite\/esg-et-investissements-durables\/\" \/>\n<meta property=\"og:site_name\" content=\"Fondaco Group\" \/>\n<meta property=\"article:modified_time\" content=\"2023-03-06T15:11:42+00:00\" \/>\n<meta property=\"og:image\" content=\"https:\/\/fondacogroup.it\/wp-content\/uploads\/2021\/02\/Principles-for-Responsible-Investment.png\" \/>\n<meta name=\"twitter:card\" content=\"summary_large_image\" \/>\n<meta name=\"twitter:label1\" content=\"Est. reading time\" \/>\n\t<meta name=\"twitter:data1\" content=\"9 minutes\" \/>\n<script type=\"application\/ld+json\" class=\"yoast-schema-graph\">{\"@context\":\"https:\/\/schema.org\",\"@graph\":[{\"@type\":\"WebPage\",\"@id\":\"https:\/\/fondacogroup.it\/fr\/lux\/durabilite\/esg-et-investissements-durables\/\",\"url\":\"https:\/\/fondacogroup.it\/fr\/lux\/durabilite\/esg-et-investissements-durables\/\",\"name\":\"ESG et investissements durables - Fondaco Group\",\"isPartOf\":{\"@id\":\"https:\/\/fondacogroup.it\/fr\/#website\"},\"primaryImageOfPage\":{\"@id\":\"https:\/\/fondacogroup.it\/fr\/lux\/durabilite\/esg-et-investissements-durables\/#primaryimage\"},\"image\":{\"@id\":\"https:\/\/fondacogroup.it\/fr\/lux\/durabilite\/esg-et-investissements-durables\/#primaryimage\"},\"thumbnailUrl\":\"https:\/\/fondacogroup.it\/wp-content\/uploads\/2021\/02\/Principles-for-Responsible-Investment.png\",\"datePublished\":\"2021-11-02T11:28:42+00:00\",\"dateModified\":\"2023-03-06T15:11:42+00:00\",\"breadcrumb\":{\"@id\":\"https:\/\/fondacogroup.it\/fr\/lux\/durabilite\/esg-et-investissements-durables\/#breadcrumb\"},\"inLanguage\":\"fr-FR\",\"potentialAction\":[{\"@type\":\"ReadAction\",\"target\":[\"https:\/\/fondacogroup.it\/fr\/lux\/durabilite\/esg-et-investissements-durables\/\"]}]},{\"@type\":\"ImageObject\",\"inLanguage\":\"fr-FR\",\"@id\":\"https:\/\/fondacogroup.it\/fr\/lux\/durabilite\/esg-et-investissements-durables\/#primaryimage\",\"url\":\"https:\/\/fondacogroup.it\/wp-content\/uploads\/2021\/02\/Principles-for-Responsible-Investment.png\",\"contentUrl\":\"https:\/\/fondacogroup.it\/wp-content\/uploads\/2021\/02\/Principles-for-Responsible-Investment.png\"},{\"@type\":\"BreadcrumbList\",\"@id\":\"https:\/\/fondacogroup.it\/fr\/lux\/durabilite\/esg-et-investissements-durables\/#breadcrumb\",\"itemListElement\":[{\"@type\":\"ListItem\",\"position\":1,\"name\":\"Home\",\"item\":\"https:\/\/fondacogroup.it\/fr\/\"},{\"@type\":\"ListItem\",\"position\":2,\"name\":\"LUX\",\"item\":\"https:\/\/fondacogroup.it\/fr\/lux\/\"},{\"@type\":\"ListItem\",\"position\":3,\"name\":\"Durabilit\u00e9\",\"item\":\"https:\/\/fondacogroup.it\/fr\/lux\/durabilite\/\"},{\"@type\":\"ListItem\",\"position\":4,\"name\":\"ESG et investissements durables\"}]},{\"@type\":\"WebSite\",\"@id\":\"https:\/\/fondacogroup.it\/fr\/#website\",\"url\":\"https:\/\/fondacogroup.it\/fr\/\",\"name\":\"Fondaco Group\",\"description\":\"Fondaco Group, una societ\u00e0 di gestione del risparmio dedita a soddisfare i bisogni dei nostri investitori: il nostro core business non \u00e8 fare raccolta ma accompagnarvi nella progettazione ed esecuzione delle vostre politiche di investimento.\",\"potentialAction\":[{\"@type\":\"SearchAction\",\"target\":{\"@type\":\"EntryPoint\",\"urlTemplate\":\"https:\/\/fondacogroup.it\/fr\/?s={search_term_string}\"},\"query-input\":{\"@type\":\"PropertyValueSpecification\",\"valueRequired\":true,\"valueName\":\"search_term_string\"}}],\"inLanguage\":\"fr-FR\"}]}<\/script>\n","yoast_head_json":{"title":"ESG et investissements durables - Fondaco Group","robots":{"index":"index","follow":"follow","max-snippet":"max-snippet:-1","max-image-preview":"max-image-preview:large","max-video-preview":"max-video-preview:-1"},"canonical":"https:\/\/fondacogroup.it\/fr\/lux\/durabilite\/esg-et-investissements-durables\/","og_locale":"fr_FR","og_type":"article","og_title":"ESG et investissements durables - Fondaco Group","og_url":"https:\/\/fondacogroup.it\/fr\/lux\/durabilite\/esg-et-investissements-durables\/","og_site_name":"Fondaco Group","article_modified_time":"2023-03-06T15:11:42+00:00","og_image":[{"url":"https:\/\/fondacogroup.it\/wp-content\/uploads\/2021\/02\/Principles-for-Responsible-Investment.png","type":"","width":"","height":""}],"twitter_card":"summary_large_image","twitter_misc":{"Est. reading time":"9 minutes"},"schema":{"@context":"https:\/\/schema.org","@graph":[{"@type":"WebPage","@id":"https:\/\/fondacogroup.it\/fr\/lux\/durabilite\/esg-et-investissements-durables\/","url":"https:\/\/fondacogroup.it\/fr\/lux\/durabilite\/esg-et-investissements-durables\/","name":"ESG et investissements durables - Fondaco Group","isPartOf":{"@id":"https:\/\/fondacogroup.it\/fr\/#website"},"primaryImageOfPage":{"@id":"https:\/\/fondacogroup.it\/fr\/lux\/durabilite\/esg-et-investissements-durables\/#primaryimage"},"image":{"@id":"https:\/\/fondacogroup.it\/fr\/lux\/durabilite\/esg-et-investissements-durables\/#primaryimage"},"thumbnailUrl":"https:\/\/fondacogroup.it\/wp-content\/uploads\/2021\/02\/Principles-for-Responsible-Investment.png","datePublished":"2021-11-02T11:28:42+00:00","dateModified":"2023-03-06T15:11:42+00:00","breadcrumb":{"@id":"https:\/\/fondacogroup.it\/fr\/lux\/durabilite\/esg-et-investissements-durables\/#breadcrumb"},"inLanguage":"fr-FR","potentialAction":[{"@type":"ReadAction","target":["https:\/\/fondacogroup.it\/fr\/lux\/durabilite\/esg-et-investissements-durables\/"]}]},{"@type":"ImageObject","inLanguage":"fr-FR","@id":"https:\/\/fondacogroup.it\/fr\/lux\/durabilite\/esg-et-investissements-durables\/#primaryimage","url":"https:\/\/fondacogroup.it\/wp-content\/uploads\/2021\/02\/Principles-for-Responsible-Investment.png","contentUrl":"https:\/\/fondacogroup.it\/wp-content\/uploads\/2021\/02\/Principles-for-Responsible-Investment.png"},{"@type":"BreadcrumbList","@id":"https:\/\/fondacogroup.it\/fr\/lux\/durabilite\/esg-et-investissements-durables\/#breadcrumb","itemListElement":[{"@type":"ListItem","position":1,"name":"Home","item":"https:\/\/fondacogroup.it\/fr\/"},{"@type":"ListItem","position":2,"name":"LUX","item":"https:\/\/fondacogroup.it\/fr\/lux\/"},{"@type":"ListItem","position":3,"name":"Durabilit\u00e9","item":"https:\/\/fondacogroup.it\/fr\/lux\/durabilite\/"},{"@type":"ListItem","position":4,"name":"ESG et investissements durables"}]},{"@type":"WebSite","@id":"https:\/\/fondacogroup.it\/fr\/#website","url":"https:\/\/fondacogroup.it\/fr\/","name":"Fondaco Group","description":"Fondaco Group, una societ\u00e0 di gestione del risparmio dedita a soddisfare i bisogni dei nostri investitori: il nostro core business non \u00e8 fare raccolta ma accompagnarvi nella progettazione ed esecuzione delle vostre politiche di investimento.","potentialAction":[{"@type":"SearchAction","target":{"@type":"EntryPoint","urlTemplate":"https:\/\/fondacogroup.it\/fr\/?s={search_term_string}"},"query-input":{"@type":"PropertyValueSpecification","valueRequired":true,"valueName":"search_term_string"}}],"inLanguage":"fr-FR"}]}},"_links":{"self":[{"href":"https:\/\/fondacogroup.it\/fr\/wp-json\/wp\/v2\/pages\/14149","targetHints":{"allow":["GET"]}}],"collection":[{"href":"https:\/\/fondacogroup.it\/fr\/wp-json\/wp\/v2\/pages"}],"about":[{"href":"https:\/\/fondacogroup.it\/fr\/wp-json\/wp\/v2\/types\/page"}],"author":[{"embeddable":true,"href":"https:\/\/fondacogroup.it\/fr\/wp-json\/wp\/v2\/users\/2"}],"replies":[{"embeddable":true,"href":"https:\/\/fondacogroup.it\/fr\/wp-json\/wp\/v2\/comments?post=14149"}],"version-history":[{"count":0,"href":"https:\/\/fondacogroup.it\/fr\/wp-json\/wp\/v2\/pages\/14149\/revisions"}],"up":[{"embeddable":true,"href":"https:\/\/fondacogroup.it\/fr\/wp-json\/wp\/v2\/pages\/9629"}],"wp:attachment":[{"href":"https:\/\/fondacogroup.it\/fr\/wp-json\/wp\/v2\/media?parent=14149"}],"curies":[{"name":"wp","href":"https:\/\/api.w.org\/{rel}","templated":true}]}}